{"id":535,"date":"2020-09-08T09:23:09","date_gmt":"2020-09-08T07:23:09","guid":{"rendered":"https:\/\/atelierdoriente.it\/?post_type=product&#038;p=535"},"modified":"2022-11-18T00:01:22","modified_gmt":"2022-11-17T23:01:22","slug":"arazzo-bisce-dacqua","status":"publish","type":"product","link":"https:\/\/atelierdoriente.it\/?product=arazzo-bisce-dacqua","title":{"rendered":"Arazzo &#8220;Bisce D&#8217;Acqua&#8221;"},"content":{"rendered":"<h3><strong>LE OPERE PIU&#8217; FAMOSE E AMATE ISPIRANO UN COMPLEMENTO SENZA TEMPO.<br \/>\n<\/strong><\/h3>\n<h3><span class=\"d2edcug0 hpfvmrgz qv66sw1b c1et5uql oi732d6d ik7dh3pa ht8s03o8 a8c37x1j keod5gw0 nxhoafnm aigsh9s9 d3f4x2em fe6kdd0r mau55g9w c8b282yb iv3no6db jq4qci2q a3bd9o3v knj5qynh oo9gr5id\" dir=\"auto\">Arazzo ispirato da &#8220;Bisce D&#8217;Acqua&#8221; di Gustav Klimt.<\/span><\/h3>\n<h3>L&#8217;arazzo &#8220;<span class=\"d2edcug0 hpfvmrgz qv66sw1b c1et5uql oi732d6d ik7dh3pa ht8s03o8 a8c37x1j keod5gw0 nxhoafnm aigsh9s9 d3f4x2em fe6kdd0r mau55g9w c8b282yb iv3no6db jq4qci2q a3bd9o3v knj5qynh oo9gr5id\" dir=\"auto\">Bisce D&#8217;Acqua&#8221;<\/span> \u00e8 in tessuto jacquard con filati di cotone, viscosa e trame in lurex.<\/h3>\n<h3>Non c\u2019\u00e8 nulla di stampato, tutto \u00e8 creato interamente da intrecci di filati.<\/h3>\n<h3>Il Dipinto:<\/h3>\n<h3><span class=\"d2edcug0 hpfvmrgz qv66sw1b c1et5uql oi732d6d ik7dh3pa ht8s03o8 a8c37x1j keod5gw0 nxhoafnm aigsh9s9 d3f4x2em fe6kdd0r mau55g9w c8b282yb iv3no6db jq4qci2q a3bd9o3v knj5qynh oo9gr5id\" dir=\"auto\">Gustav Klimt &#8220;Bisce d\u2019acqua&#8221;<br \/>\n<\/span><\/h3>\n<h3><span class=\"d2edcug0 hpfvmrgz qv66sw1b c1et5uql oi732d6d ik7dh3pa ht8s03o8 a8c37x1j keod5gw0 nxhoafnm aigsh9s9 d3f4x2em fe6kdd0r mau55g9w c8b282yb iv3no6db jq4qci2q a3bd9o3v knj5qynh oo9gr5id\" dir=\"auto\">Questo dipinto si presenta come una raffinata miniatura eseguita su pergamena ricorrendo ad una tecnica mista, che si avvale dell&#8217;utilizzo di acquerello, tempera, foglia d&#8217;oro e d&#8217;argento. Bisce d&#8217;acqua \u00e8 l&#8217;opera tra le pi\u00f9 preziose di Klimt, che riprende uno dei temi pi\u00f9 cari al movimento Jugendstil quello delle &#8220;ondine&#8221;. A primo impatto siamo colpiti dal raffinato cromatismo e dal senso morbido del fluire, che d\u00e0 movimento non solo alle figure bens\u00ec al tutto, che appare cos\u00ec armoniosamente legato in se stesso. Tutto vive dello stesso respiro, tanto che la saturazione che realizza Klimt nell&#8217;opera non ci stringe come farebbe un &#8220;horror vacui&#8221; qualsiasi. L&#8217;artista riempie tutto, gli elementi si intrecciano e si sovrappongono, tanto che solo in un secondo momento riusciamo a distinguere le due figure cos\u00ec indissolubilmente unite, perse in uno stesso sogno tra i flutti di una cascata di capelli oro. La fitta decorazione, con cui Klimt ricostruisce l&#8217; ambiente acquatico, ricorda un tessuto cellulare visto al microscopio e poi rielaborato da un talentuoso gioielliere. Infatti il grande anatomista Emil Zuckerkandl tenne lezioni al gruppo di artisti e intellettuali che frequentava il suo salotto (August Rodin, Otto Wagner, Herman Bahr, Gustav Mahler, Arthur Schnitzler) circa le forme artistiche spontanee che assumevano sezioni dell&#8217;epidermide o la materia cerebrale. Klimt rispondendo ai nuovi tempi riesce con il dato decorativo a costruire tutto un mondo di percezioni, come quel moto ondoso che subito percepiamo pur non vedendo onde cos\u00ec come il nostro occhio \u00e8 avvezzo a vederle, come la potenza del legame umano sigillato da quell&#8217;abbraccio che sembra fondere le ondine, come quel senso di armonia con l&#8217;ambiente circostante che annulla le distanze per ricordarci infine con quella che sembra una pelle di biscia che tutto \u00e8 soggetto all&#8217;eterno divenire. Klimt come un incantatore di serpenti ci ammalia per farci sprofondare nei profondi abissi di quella che potrebbe apparire a prima vista solo una sofisticata immagine bidimensionale.<\/span><\/h3>\n<p>Scopri anche il nostro servizio <a href=\"https:\/\/www.carpetlab.it\/\" target=\"_blank\" rel=\"noopener\">CarpetLab<\/a><\/p>\n","protected":false},"excerpt":{"rendered":"<p><span class=\"descr\">Lavorazione:<\/span> Telaio meccanizzato<br \/>\n<span class=\"descr\">Misura:<\/span> 1,68 X 0,65<br \/>\n<span class=\"descr\">Ordito:<\/span> cotone<br \/>\n<span class=\"descr\">Provenienza:<\/span> Italia<\/p>\n<p>Con filati in lurex.<\/p>\n<p>Arazzo foderato realizzato a telaio in cotone\/viscosa con tasca passabarra.<\/p>\n<p>&nbsp;<\/p>\n","protected":false},"featured_media":536,"comment_status":"closed","ping_status":"closed","template":"","meta":{"_monsterinsights_skip_tracking":false,"_monsterinsights_sitenote_active":false,"_monsterinsights_sitenote_note":"","_monsterinsights_sitenote_category":0,"_joinchat":[]},"product_brand":[],"product_cat":[34],"product_tag":[164,166,165],"class_list":{"0":"post-535","1":"product","2":"type-product","3":"status-publish","4":"has-post-thumbnail","6":"product_cat-arazzi","7":"product_tag-arazzo","8":"product_tag-arazzo-bisce-dacqua","9":"product_tag-arazzo-gustav-klimt","10":"pa_altezza-47","11":"pa_base-48","13":"first","14":"instock","15":"sale","16":"shipping-taxable","17":"purchasable","18":"product-type-simple"},"_links":{"self":[{"href":"https:\/\/atelierdoriente.it\/index.php?rest_route=\/wp\/v2\/product\/535","targetHints":{"allow":["GET"]}}],"collection":[{"href":"https:\/\/atelierdoriente.it\/index.php?rest_route=\/wp\/v2\/product"}],"about":[{"href":"https:\/\/atelierdoriente.it\/index.php?rest_route=\/wp\/v2\/types\/product"}],"replies":[{"embeddable":true,"href":"https:\/\/atelierdoriente.it\/index.php?rest_route=%2Fwp%2Fv2%2Fcomments&post=535"}],"wp:featuredmedia":[{"embeddable":true,"href":"https:\/\/atelierdoriente.it\/index.php?rest_route=\/wp\/v2\/media\/536"}],"wp:attachment":[{"href":"https:\/\/atelierdoriente.it\/index.php?rest_route=%2Fwp%2Fv2%2Fmedia&parent=535"}],"wp:term":[{"taxonomy":"product_brand","embeddable":true,"href":"https:\/\/atelierdoriente.it\/index.php?rest_route=%2Fwp%2Fv2%2Fproduct_brand&post=535"},{"taxonomy":"product_cat","embeddable":true,"href":"https:\/\/atelierdoriente.it\/index.php?rest_route=%2Fwp%2Fv2%2Fproduct_cat&post=535"},{"taxonomy":"product_tag","embeddable":true,"href":"https:\/\/atelierdoriente.it\/index.php?rest_route=%2Fwp%2Fv2%2Fproduct_tag&post=535"}],"curies":[{"name":"wp","href":"https:\/\/api.w.org\/{rel}","templated":true}]}}