{"id":2817,"date":"2022-11-02T22:29:21","date_gmt":"2022-11-02T21:29:21","guid":{"rendered":"https:\/\/atelierdoriente.it\/?post_type=product&#038;p=2817"},"modified":"2022-11-17T23:45:53","modified_gmt":"2022-11-17T22:45:53","slug":"cachepot-persiano","status":"publish","type":"product","link":"https:\/\/atelierdoriente.it\/?product=cachepot-persiano","title":{"rendered":"CACHEPOT PERSIANO"},"content":{"rendered":"<div class=\"et_pb_tab_content\">\n<h3>CACHEPOT PERSIANO A RILIEVO<\/h3>\n<h3><strong>INFORMAZIONE SULLE CERAMICHE:<\/strong><\/h3>\n<h3>Nel complesso e variegato mondo dell\u2019arte islamica le ceramiche occupano un posto di rilievo. In particolare la produzione medievale persiana \u00e8 stata straordinaria per l\u2019inventiva tecnica, la fantasia e la raffinatezza delle iconografie, raggiungendo esiti artistici difficilmente superabili in campo fittile.La ceramica persiana o ceramica iraniana \u00e8 un tipo di ceramica realizzata dagli artisti persiani e la sua storia risale ai primi anni del Neolitico (VII millennio a.C.). L&#8217;agricoltura ha dato origine alla cottura dell&#8217;argille e alla fabbricazione di utensili da parte del popolo iraniano. Nel corso dei secoli, i ceramisti persiani hanno risposto alle richieste e ai cambiamenti causati dalle turbolenze politiche adottando e perfezionando le forme appena introdotte e fondendole nella propria cultura. Questo atteggiamento innovativo \u00e8 sopravvissuto nel tempo e ha influenzato molte altre culture in tutto il mondo. C&#8217;erano due tipi di terracotta che erano prevalenti in Iran intorno al IV millennio a.C.: ceramiche rosse o nere che erano molto semplici nel loro stile decorativo. Man mano che l&#8217;arte si espandeva, la terracotta incorporava disegni geometrici che portarono ad uno stile decorativo pi\u00f9 sviluppato. Questo stile sempre pi\u00f9 complesso venne accompagnato dalla creazione di una pi\u00f9 ampia variet\u00e0 dei tipi di ceramica. Nel periodo preistorico, la produzione di vasi comprendeva una miscela di argilla, piccoli pezzi di varie piante, cannucce e acqua. Quando questi ingredienti venivano mescolati insieme, formavano una pasta molto dura che divenne essenzialmente la pasta usata come base per creare tutti i vasi in Iran. La creazione dei recipienti differiva nella forma perch\u00e9 erano fatti a mano. Intorno al IV millennio a.C., la qualit\u00e0 della produzione miglior\u00f2 grazie all&#8217;introduzione del tornio del vasaio. Questo attrezzo venne utilizzato per produrre vasi di forma simmetrica e di migliore qualit\u00e0. Il divieto islamico di utilizzare in tavola vasellame di metalli preziosi port\u00f2 ad aprire un nuovo mercato per le ceramiche di lusso. Ci\u00f2 consent\u00ec alle \u00e9lite pre-islamiche dei primi imperi persiani di produrre smalti fantasiosi come oggetti in lustro e decorazioni dipinte di alta qualit\u00e0. Nel complesso, la ceramica persiana si ampli\u00f2 nell&#8217;uso di strumenti e stili per migliorare la produzione artistica.<\/h3>\n<\/div>\n<div class=\"et_pb_tab_content\">\n<p>Scopri anche il nostro servizio <a href=\"https:\/\/www.carpetlab.it\/\" target=\"_blank\" rel=\"noopener\">CarpetLab<\/a><\/p>\n<\/div>\n","protected":false},"excerpt":{"rendered":"<p><span class=\"descr\">Lavorazione:<\/span> Lavorato e dipinto a mano<br \/>\n<span class=\"descr\">Misura:<\/span> 13X13<br \/>\n<span class=\"descr\">Materiale:<\/span> Terracotta<br \/>\n<span class=\"descr\">Provenienza:<\/span> Iran<\/p>\n<p>Cachepot Persiano a rilievo in terracotta lavorata e dipinta a mano da ceramisti Persiani. Il loro colore acceso arricchisce ogni ambiente rendendolo unico nel suo genere.<\/p>\n<p><span class=\"wysiwyg-font-size-18\">I motivi e i colori portano ancora il retaggio della tradizione safavide del 16\u00b0 secolo.<\/span><\/p>\n<p>&nbsp;<\/p>\n<p><span class=\"wysiwyg-font-size-18\">\u00a0<\/span><\/p>\n","protected":false},"featured_media":2818,"comment_status":"closed","ping_status":"closed","template":"","meta":{"_monsterinsights_skip_tracking":false,"_monsterinsights_sitenote_active":false,"_monsterinsights_sitenote_note":"","_monsterinsights_sitenote_category":0,"_joinchat":[]},"product_brand":[],"product_cat":[35],"product_tag":[456,458,441,465,464,466,455,439,454,444,445,459,457,326,440],"class_list":{"0":"post-2817","1":"product","2":"type-product","3":"status-publish","4":"has-post-thumbnail","6":"product_cat-ceramiche-persiane","7":"product_tag-anfora","8":"product_tag-anfora-con-manici-persiana","9":"product_tag-anfora-persiana","10":"product_tag-cachepot-in-ceramica","11":"product_tag-cachepot-persiano","12":"product_tag-cachepot-terracotta","13":"product_tag-ceramica","14":"product_tag-ceramica-iraniana","15":"product_tag-ceramica-persiana","16":"product_tag-iran","17":"product_tag-persia","18":"product_tag-piatti-persiani","19":"product_tag-tappeti-palermo","20":"product_tag-tappeto-persiano","21":"product_tag-vaso-persiano","22":"pa_altezza-15cm","23":"pa_base-13cm","25":"first","26":"instock","27":"sale","28":"featured","29":"sold-individually","30":"shipping-taxable","31":"purchasable","32":"product-type-simple"},"_links":{"self":[{"href":"https:\/\/atelierdoriente.it\/index.php?rest_route=\/wp\/v2\/product\/2817","targetHints":{"allow":["GET"]}}],"collection":[{"href":"https:\/\/atelierdoriente.it\/index.php?rest_route=\/wp\/v2\/product"}],"about":[{"href":"https:\/\/atelierdoriente.it\/index.php?rest_route=\/wp\/v2\/types\/product"}],"replies":[{"embeddable":true,"href":"https:\/\/atelierdoriente.it\/index.php?rest_route=%2Fwp%2Fv2%2Fcomments&post=2817"}],"wp:featuredmedia":[{"embeddable":true,"href":"https:\/\/atelierdoriente.it\/index.php?rest_route=\/wp\/v2\/media\/2818"}],"wp:attachment":[{"href":"https:\/\/atelierdoriente.it\/index.php?rest_route=%2Fwp%2Fv2%2Fmedia&parent=2817"}],"wp:term":[{"taxonomy":"product_brand","embeddable":true,"href":"https:\/\/atelierdoriente.it\/index.php?rest_route=%2Fwp%2Fv2%2Fproduct_brand&post=2817"},{"taxonomy":"product_cat","embeddable":true,"href":"https:\/\/atelierdoriente.it\/index.php?rest_route=%2Fwp%2Fv2%2Fproduct_cat&post=2817"},{"taxonomy":"product_tag","embeddable":true,"href":"https:\/\/atelierdoriente.it\/index.php?rest_route=%2Fwp%2Fv2%2Fproduct_tag&post=2817"}],"curies":[{"name":"wp","href":"https:\/\/api.w.org\/{rel}","templated":true}]}}