{"id":2746,"date":"2022-10-11T10:44:24","date_gmt":"2022-10-11T08:44:24","guid":{"rendered":"https:\/\/atelierdoriente.it\/?post_type=product&#038;p=2746"},"modified":"2022-11-17T23:56:46","modified_gmt":"2022-11-17T22:56:46","slug":"coppia-tappeto-kirman-2","status":"publish","type":"product","link":"https:\/\/atelierdoriente.it\/?product=coppia-tappeto-kirman-2","title":{"rendered":"Coppia tappeto Kirman"},"content":{"rendered":"<h3><b>Informazione sul tappeto Kirman<br \/>\n<\/b><\/h3>\n<h3 class=\"layoutArea\">Il tappeto <a href=\"https:\/\/atelierdoriente.it\/product-category\/tappeti-persiani-ed-orientali\/\">Kirman<\/a> proviene dalla citta\u0300 omonima, situata nella Persia sud-orientale, e da alcuni villaggi sparsi nel raggio di una cinquantina di chilometri dal capoluogo. E&#8217; questa una delle zone piu\u0300 aride del paese: centinaia di chilometri di altopiano desertico la separano in ogni direzione dagli altri centri del sud e dell&#8217;est. In pieno deserto, a quaranta chilometri da Kerman sorge il bellissimo Mausoleo dedicato al derbish Shah Nimatullah, maestro monaco musulmano del XV secolo. L&#8217;armonia dei volumi, la ricchezza delle decorazioni e la varieta\u0300 dei colori di questa costruzione mostrano il talento degli artigiani di Kerman, tra i piu\u0300 abili della Persia.<\/h3>\n<h3>I Kirman sono tappeti dalla ricchissima decorazione floreale; il loro successo e\u0300 dovuto in gran parte all&#8217;abilita\u0300 dei disegnatori dei cartoni , gli ustad, che hanno saputo unire sensibilita\u0300 artistica e rispetto della tradizione. Come conseguenza i Kirman, che pure usano una gamma vastissima di disegni, hanno sempre un&#8217;impronta comune che li contraddistingue, anche gli esemplari che da molti anni si eseguono su specifica richiesta dei mercati europei e americani: grazie al lavoro di interpretazione e rielaborazione degli ustad di Kerman , la decorazione mantiene sempre uno stretto legame con il luogo di provenienza.<\/h3>\n<h3>Negli esemplari annodati per l&#8217;occidente la decorazione floreale si accentra su un grande medaglione che emerge dal campo a tinta unita; abbiamo gia\u0300 visto che una produzione analoga viene realizzata a Saruq.<\/h3>\n<h3>Le decorazioni tradizionali dei Kirman, invece, non lasciano spazi in tinta unita: campo e bordura sono ricoperti da un fittissimo intreccio floreale. Alcuni esemplari hanno il medaglione centrale, ma esso e\u0300 inserito in un rigoglioso disegno floreale che ricopre il resto del campo. Altri Kirman , a disegno orientato, sono ornati da un ricco intreccio di rami fioriti che si propagano da due esili alberi con il tronco posto ad una estremita\u0300 del campo; l&#8217;altro lato del campo e\u0300 racchiuso in una nicchia. Anche l&#8217;arte miniaturistica persiana ha influenzato la decorazione dei Kirman. Lo si nota negli esemplari che utilizzano su tutto il campo una decorazione di flora e fauna e in quelli, piu\u0300 rari, di tipo figurale. Tra i motivi di decorazione va ricordato il Boteh, utilizzato come uno degli elementi dei disegni del campo, e il ghab Khorani, che significa in persiano copertina del corano, composto da un medaglione oblungo decorato da un intreccio di rami, e che e\u0300 usato sia come medaglione centrale sia come decorazione della bordura. Anche le bordure dei Kerman usano molte differenti decorazioni che variano nel disegno e nelle dimensioni e sempre formano un armonioso insieme con il campo del tappeto.<br \/>\nIl telaio utilizzato nella lavorazione dei tappeti Kerman e\u0300 del tipo verticale; l&#8217;ordito e la trama sono in cotone; la trama passa due volte dopo ogni fila di nodi. Il vello e\u0300 in lana, con taglio medio o raso.<br \/>\nTranne i casi eccezionali, i Kirman si suddividono in quattro qualita\u0300 : 70, 80, 90, 100. Questi numeri corrispondono al numero di fili d&#8217; ordito di ogni ghireh (cm7).<br \/>\nPoiche\u0300 ogni nodo prende due fili dell&#8217;ordito , si puo\u0300 facilmente calcolare il numero di nodi per metro quadrato di ogni qualita\u0300. La qualita\u0300 70 ,ad esempio, ha 250 000 nodi per metro quadrato: infatti, 70 : 2 = 35 nodi per ghireh ; 35 : 7 = 5 nodi per centimetro; 5 x 5 = 25 nodi per centimetro quadrato, che corrispondono a 250 000 nodi per metro quadrato. I tappeti Kerman esistono in tutte le dimensioni classiche persiane, anche se si trovano molto raramente nel formato allungato Kelley.<br \/>\nAlcuni Kerman molto fini sono noti in Occidente come Kerman Laver . Sono tappeti annodati nel villaggio di Ravar situato a circa quaranta chiolometri da Kerman. I Kerman Laver , o Kerman Ravar, hanno tutte le decorazioni di questa provenienza e si distinguono per l&#8217;ottima lavorazione e la rasatura molto bassa del vello.<\/h3>\n<h3><em>\u00a0<\/em><\/h3>\n<h3>Scopri anche i nostri <a href=\"https:\/\/www.zerbiniemoquettepalermo.it\/\" target=\"_blank\" rel=\"noopener noreferrer\">zerbini e moquette<\/a><\/h3>\n<h3><\/h3>\n","protected":false},"excerpt":{"rendered":"<p><span class=\"descr\">Lavorazione:<\/span> annodato a mano<br \/>\n<span class=\"descr\">Tappeto N\u00b0:<\/span> 1616<br \/>\n<span class=\"descr\">Misura:<\/span> 0,95 X 0,59 &#8211; 0,98 X 0,59<br \/>\n<span class=\"descr\">Ordito:<\/span> cotone<br \/>\n<span class=\"descr\">Vello:<\/span> lana<br \/>\n<span class=\"descr\">Provenienza:<\/span> Iran, Persia<\/p>\n<h3>Il Tappeto Kirman \u00e8 apprezzato per la solidit\u00e0 della struttura, l&#8217;eleganza del disegno e la gradevolezza dei colori, scelti tra le sfumature pi\u00f9 morbide e tenui.<\/h3>\n","protected":false},"featured_media":2747,"comment_status":"closed","ping_status":"closed","template":"","meta":{"_monsterinsights_skip_tracking":false,"_monsterinsights_sitenote_active":false,"_monsterinsights_sitenote_note":"","_monsterinsights_sitenote_category":0,"_joinchat":[]},"product_brand":[],"product_cat":[29],"product_tag":[173,410,178,411,409,181,180,179],"class_list":{"0":"post-2746","1":"product","2":"type-product","3":"status-publish","4":"has-post-thumbnail","6":"product_cat-tappeti-persiani-ed-orientali","7":"product_tag-albero-della-vita","8":"product_tag-kerman","9":"product_tag-kirman","10":"product_tag-kirman-blu","11":"product_tag-kirman-old","12":"product_tag-tappeto-chiaro","13":"product_tag-tappeto-kerman","14":"product_tag-tappeto-persiano-floreale","15":"pa_altezza-371","16":"pa_altezza-423","17":"pa_base-422","19":"first","20":"instock","21":"sale","22":"shipping-taxable","23":"purchasable","24":"product-type-simple"},"_links":{"self":[{"href":"https:\/\/atelierdoriente.it\/index.php?rest_route=\/wp\/v2\/product\/2746","targetHints":{"allow":["GET"]}}],"collection":[{"href":"https:\/\/atelierdoriente.it\/index.php?rest_route=\/wp\/v2\/product"}],"about":[{"href":"https:\/\/atelierdoriente.it\/index.php?rest_route=\/wp\/v2\/types\/product"}],"replies":[{"embeddable":true,"href":"https:\/\/atelierdoriente.it\/index.php?rest_route=%2Fwp%2Fv2%2Fcomments&post=2746"}],"wp:featuredmedia":[{"embeddable":true,"href":"https:\/\/atelierdoriente.it\/index.php?rest_route=\/wp\/v2\/media\/2747"}],"wp:attachment":[{"href":"https:\/\/atelierdoriente.it\/index.php?rest_route=%2Fwp%2Fv2%2Fmedia&parent=2746"}],"wp:term":[{"taxonomy":"product_brand","embeddable":true,"href":"https:\/\/atelierdoriente.it\/index.php?rest_route=%2Fwp%2Fv2%2Fproduct_brand&post=2746"},{"taxonomy":"product_cat","embeddable":true,"href":"https:\/\/atelierdoriente.it\/index.php?rest_route=%2Fwp%2Fv2%2Fproduct_cat&post=2746"},{"taxonomy":"product_tag","embeddable":true,"href":"https:\/\/atelierdoriente.it\/index.php?rest_route=%2Fwp%2Fv2%2Fproduct_tag&post=2746"}],"curies":[{"name":"wp","href":"https:\/\/api.w.org\/{rel}","templated":true}]}}