{"id":2728,"date":"2022-10-11T10:08:32","date_gmt":"2022-10-11T08:08:32","guid":{"rendered":"https:\/\/atelierdoriente.it\/?post_type=product&#038;p=2728"},"modified":"2022-11-17T23:56:54","modified_gmt":"2022-11-17T22:56:54","slug":"tappeto-nahavand-251x148","status":"publish","type":"product","link":"https:\/\/atelierdoriente.it\/?product=tappeto-nahavand-251x148","title":{"rendered":"Tappeto Nahavand 251&#215;148"},"content":{"rendered":"<div class=\"p-section e-about-section\">\n<h3 class=\"p-section-heading\">Tappeto Nahavand Old<\/h3>\n<div class=\"p-section-content\">\n<h3>La citt\u00e0 di Nahavand, nella provincia di Hamadan, nell&#8217;Iran occidentale, \u00e8 nota per la produzione di una miscela unica di colori e di lana morbida e lucente. I tappeti raffigurano principalmente motivi decorativi nomadi, floreali e geometrici con un medaglione centrale. Spesso i colori sono rosso intenso o blu scuro, ma vengono utilizzati anche altri colori vivaci. Il tappeto Nahavand viene solitamente prodotto solo nei formati pi\u00f9 piccoli, normalmente intorno ai 230&#215;160 cm. I tappeti sono annodati su semplici telai orizzontali collocati a terra, il che rende difficile la produzione di tappeti pi\u00f9 grandi. Una delle caratteristiche dei tappeti persiani (e che li rende anche cos\u00ec unici), \u00e8 che ogni citt\u00e0, villaggio e zona ha il proprio modo e tradizione nel realizzare i tappeti. I tappeti non vengono prodotti o venduti su richiesta, ma in base all\u2019inclinazione del tessitore. La nostra collezione <a href=\"https:\/\/atelierdoriente.it\/product-category\/tappeti-persiani-ed-orientali\/\">Nahavand Old<\/a> rappresenta una rara occasione per acquistare tappeti davvero unici e della migliore qualit\u00e0. Tutti i nostri tappeti Nahavand Old hanno almeno 30 anni d\u2019et\u00e0 e presentano un pelo spesso e brillante che rende questi vecchi tappeti straordinariamente suggestivi.<\/h3>\n<h3>Nahavand \u00e8 la terza citt\u00e0 pi\u00f9 grande della provincia, con una popolazione di circa 80.000 abitanti. La regione circostante \u00e8 una delle aree pi\u00f9 produttive nella manifattura dei tappeti e quasi ogni villaggio produce i propri originali tappeti. Questi tappeti sono in genere molto semplici e robusti, oltre ad essere reperibili in varie dimensioni. I tappeti Nahavand sono prodotti con lana lucida di alta qualit\u00e0, che garantisce al tappeto una lucentezza sorprendente. Questi tappeti resistono perfettamente all&#8217;uso quotidiano e sono perfetti per zone ad alto calpestio quali aree di accoglienza, atri e corridoi. L&#8217;espressione artistica \u00e8 ricca e varia, largamente ispirata ai disegni Malayer ed \u00e8 inoltre possibile reperire tappeti con motivi geometrici ed elementi animali e vegetali di arte nomade. Una caratteristica tipica dei tappeti Nahavand \u00e8 il medaglione centrale, decorato con motivi di foglie, fiori e rami, incorniciati da motivi floreali stilizzati. I tappeti Nahavand hanno una classificazione pi\u00f9 elevata se paragonati ad altri tappeti della regione di Hamadan. Nonostante abbiano una densit\u00e0 di nodi relativamente bassa, ci\u00f2 non \u00e8 un segno di minore qualit\u00e0: se si vuole determinare la qualit\u00e0 di un tappeto annodato a mano, la qualit\u00e0 del materiale utilizzato (lana) \u00e8 pi\u00f9 importante della densit\u00e0 di nodi. La densit\u00e0 di nodi diviene un fattore decisivo solo quando si esaminano i pi\u00f9 esclusivi tappeti in seta. In genere, i tappeti Nahavand presentano una stupenda combinazione di tonalit\u00e0 di rosso e beige su uno sfondo prevalentemente blu. Questi tappeti decorano molte abitazioni in giro per il mondo e invecchieranno in maniera splendida, se trattati adeguatamente.<\/h3>\n<\/div>\n<h3>La lana del tappeto Nahavand \u00e8 una fibra naturale, la pi\u00f9 pregiata e ricercata per la realizzazione dei tappeti. I tappeti in lana durano a lungo e resistono perfettamente all&#8217;usura del tempo e ad un uso prolungato. La lana ha la naturale caratteristica di allontanare lo sporco, ed \u00e8 facile da tenere pulita. Inoltre \u00e8 un materiale difficilmente infiammabile e mantiene la sua forma, infatti il vello del tappeto torna sempre nella posizione originale.<\/h3>\n<\/div>\n<p>&nbsp;<\/p>\n<h3><em>\u00a0<\/em><\/h3>\n<h3>Scopri anche i nostri <a href=\"https:\/\/www.zerbiniemoquettepalermo.it\/\" target=\"_blank\" rel=\"noopener noreferrer\">zerbini e moquette<\/a><\/h3>\n<h3><\/h3>\n","protected":false},"excerpt":{"rendered":"<p><span class=\"descr\">Lavorazione:<\/span> annodato a mano<br \/>\n<span class=\"descr\">Tappeto N\u00b0:<\/span> 20855<br \/>\n<span class=\"descr\">Misura:<\/span> 2,45 X 1,60<br \/>\n<span class=\"descr\">Ordito:<\/span> cotone<br \/>\n<span class=\"descr\">Vello:<\/span> lana<br \/>\n<span class=\"descr\">Provenienza:<\/span> Iran, Persia<\/p>\n<h3>La lana del tappeto Nahavand \u00e8 una fibra naturale, la pi\u00f9 pregiata e ricercata per la realizzazione dei tappeti.<\/h3>\n","protected":false},"featured_media":2729,"comment_status":"closed","ping_status":"closed","template":"","meta":{"_monsterinsights_skip_tracking":false,"_monsterinsights_sitenote_active":false,"_monsterinsights_sitenote_note":"","_monsterinsights_sitenote_category":0,"_joinchat":[]},"product_brand":[],"product_cat":[29],"product_tag":[173,410,178,411,409,418,419,181,180,417,326,179],"class_list":{"0":"post-2728","1":"product","2":"type-product","3":"status-publish","4":"has-post-thumbnail","6":"product_cat-tappeti-persiani-ed-orientali","7":"product_tag-albero-della-vita","8":"product_tag-kerman","9":"product_tag-kirman","10":"product_tag-kirman-blu","11":"product_tag-kirman-old","12":"product_tag-nahavand-old","13":"product_tag-persiano","14":"product_tag-tappeto-chiaro","15":"product_tag-tappeto-kerman","16":"product_tag-tappeto-nahavand","17":"product_tag-tappeto-persiano","18":"product_tag-tappeto-persiano-floreale","19":"pa_altezza-301","20":"pa_base-416","22":"first","23":"instock","24":"sale","25":"shipping-taxable","26":"purchasable","27":"product-type-simple"},"_links":{"self":[{"href":"https:\/\/atelierdoriente.it\/index.php?rest_route=\/wp\/v2\/product\/2728","targetHints":{"allow":["GET"]}}],"collection":[{"href":"https:\/\/atelierdoriente.it\/index.php?rest_route=\/wp\/v2\/product"}],"about":[{"href":"https:\/\/atelierdoriente.it\/index.php?rest_route=\/wp\/v2\/types\/product"}],"replies":[{"embeddable":true,"href":"https:\/\/atelierdoriente.it\/index.php?rest_route=%2Fwp%2Fv2%2Fcomments&post=2728"}],"wp:featuredmedia":[{"embeddable":true,"href":"https:\/\/atelierdoriente.it\/index.php?rest_route=\/wp\/v2\/media\/2729"}],"wp:attachment":[{"href":"https:\/\/atelierdoriente.it\/index.php?rest_route=%2Fwp%2Fv2%2Fmedia&parent=2728"}],"wp:term":[{"taxonomy":"product_brand","embeddable":true,"href":"https:\/\/atelierdoriente.it\/index.php?rest_route=%2Fwp%2Fv2%2Fproduct_brand&post=2728"},{"taxonomy":"product_cat","embeddable":true,"href":"https:\/\/atelierdoriente.it\/index.php?rest_route=%2Fwp%2Fv2%2Fproduct_cat&post=2728"},{"taxonomy":"product_tag","embeddable":true,"href":"https:\/\/atelierdoriente.it\/index.php?rest_route=%2Fwp%2Fv2%2Fproduct_tag&post=2728"}],"curies":[{"name":"wp","href":"https:\/\/api.w.org\/{rel}","templated":true}]}}