{"id":2713,"date":"2022-09-28T12:17:27","date_gmt":"2022-09-28T10:17:27","guid":{"rendered":"https:\/\/atelierdoriente.it\/?post_type=product&#038;p=2713"},"modified":"2022-11-17T23:56:59","modified_gmt":"2022-11-17T22:56:59","slug":"tappeto-yalameh-262x150","status":"publish","type":"product","link":"https:\/\/atelierdoriente.it\/?product=tappeto-yalameh-262x150","title":{"rendered":"Tappeto YALAMEH 2,62&#215;1,50"},"content":{"rendered":"<h3><b>Informazione sul tappeto Yalameh<br \/>\n<\/b><\/h3>\n<p><em>\u00a0<\/em><\/p>\n<h3>Il tappeto Yalameh \u00e8 realizzato nella parte sud occidentale della regione del Chahar Mahal, per poi essere smerciato nella cittadina di Talkhunc\u00e8 e a Isfahan.<\/h3>\n<h3>L&#8217;impianto di questi tappeti pi\u00f9 ricorrente \u00e8 quello a medaglioni concentrici che riprendono il caratteristico profilo uncinato del Lori.<\/h3>\n<h3>L&#8217;effetto di insieme, per\u00f2, \u00e8 molto diverso, poich\u00e9 i Tappeti Yalameh propongono un&#8217;infinit\u00e0 di piccoli motivi sparsi per tutto il campo: rosette, stelle a otto punte, steli, animali, decori floreali.<\/h3>\n<h3>Gli esperti annodatori utilizzano con maestria sia il nodo simmetrico sia quello asimmetrico.<\/h3>\n<h3>La preziosit\u00e0 dei tappeti locali persiani di Yalameh dipende anche dalla struttura interamente in lana, come insegna la migliore tradizione.<\/h3>\n<h3>La colorazione in genere si avvale tuttora di tinte naturali, sapientemente accostate in un gioco di contrasti vivaci ma ben calibrati. I colori dei <a href=\"https:\/\/atelierdoriente.it\/product-category\/tappeti-persiani-ed-orientali\/\">Yalameh<\/a> ricorrenti sono in giallo ocra, rosso mattone, l&#8217;azzurro, il blu, l&#8217;arancione e l&#8217;avorio.<\/h3>\n<h3>Scopri anche i nostri <a href=\"https:\/\/www.zerbiniemoquettepalermo.it\/\" target=\"_blank\" rel=\"noopener noreferrer\">zerbini e moquette<\/a><\/h3>\n<h3><\/h3>\n","protected":false},"excerpt":{"rendered":"<p><span class=\"descr\">Lavorazione:<\/span> annodato a mano<\/p>\n<p><span class=\"descr\">Misura:<\/span> 2,62 X 1,50<br \/>\n<span class=\"descr\">Ordito:<\/span> lana<br \/>\n<span class=\"descr\">Vello:<\/span> lana<br \/>\n<span class=\"descr\">Densit\u00e0 di nodi:<\/span> 250.000 m2<br \/>\n<span class=\"descr\">Provenienza:<\/span> Iran, Persia<\/p>\n<h3>Il Tappeto Yalameh \u00e8 apprezzato per la solidit\u00e0 della struttura, l&#8217;eleganza del disegno e la gradevolezza dei colori, scelti tra le sfumature pi\u00f9 morbide e tenui.<\/h3>\n","protected":false},"featured_media":2714,"comment_status":"closed","ping_status":"closed","template":"","meta":{"_monsterinsights_skip_tracking":false,"_monsterinsights_sitenote_active":false,"_monsterinsights_sitenote_note":"","_monsterinsights_sitenote_category":0,"_joinchat":[]},"product_brand":[],"product_cat":[29],"product_tag":[414,415],"class_list":{"0":"post-2713","1":"product","2":"type-product","3":"status-publish","4":"has-post-thumbnail","6":"product_cat-tappeti-persiani-ed-orientali","7":"product_tag-tappeto-yalameh","8":"product_tag-yalameh","9":"pa_altezza-413","10":"pa_base-127","12":"first","13":"instock","14":"sale","15":"shipping-taxable","16":"purchasable","17":"product-type-simple"},"_links":{"self":[{"href":"https:\/\/atelierdoriente.it\/index.php?rest_route=\/wp\/v2\/product\/2713","targetHints":{"allow":["GET"]}}],"collection":[{"href":"https:\/\/atelierdoriente.it\/index.php?rest_route=\/wp\/v2\/product"}],"about":[{"href":"https:\/\/atelierdoriente.it\/index.php?rest_route=\/wp\/v2\/types\/product"}],"replies":[{"embeddable":true,"href":"https:\/\/atelierdoriente.it\/index.php?rest_route=%2Fwp%2Fv2%2Fcomments&post=2713"}],"wp:featuredmedia":[{"embeddable":true,"href":"https:\/\/atelierdoriente.it\/index.php?rest_route=\/wp\/v2\/media\/2714"}],"wp:attachment":[{"href":"https:\/\/atelierdoriente.it\/index.php?rest_route=%2Fwp%2Fv2%2Fmedia&parent=2713"}],"wp:term":[{"taxonomy":"product_brand","embeddable":true,"href":"https:\/\/atelierdoriente.it\/index.php?rest_route=%2Fwp%2Fv2%2Fproduct_brand&post=2713"},{"taxonomy":"product_cat","embeddable":true,"href":"https:\/\/atelierdoriente.it\/index.php?rest_route=%2Fwp%2Fv2%2Fproduct_cat&post=2713"},{"taxonomy":"product_tag","embeddable":true,"href":"https:\/\/atelierdoriente.it\/index.php?rest_route=%2Fwp%2Fv2%2Fproduct_tag&post=2713"}],"curies":[{"name":"wp","href":"https:\/\/api.w.org\/{rel}","templated":true}]}}