{"id":2695,"date":"2022-09-27T17:53:56","date_gmt":"2022-09-27T15:53:56","guid":{"rendered":"https:\/\/atelierdoriente.it\/?post_type=product&#038;p=2695"},"modified":"2022-11-17T23:57:02","modified_gmt":"2022-11-17T22:57:02","slug":"tappeto-khamseh-215x179","status":"publish","type":"product","link":"https:\/\/atelierdoriente.it\/?product=tappeto-khamseh-215x179","title":{"rendered":"Tappeto Khamseh 2,15&#215;1,79"},"content":{"rendered":"<h3>TAPPETO KHAMSEH<\/h3>\n<h3 align=\"justify\">Autentico e Raro tappeto khamseh qashghai antico annodato nell&#8217;aria di shiraz in persia<\/h3>\n<h3><span id=\"\" class=\"blue\">Khamseh \u00e8 il nome di una confederazione di cinque trib\u00f9 nomadi dalle origini diverse che vivono nel sud della Persia nelle vicinanze della citt\u00e0 di Shiraz. Vennero riunite nel 1862 da un&#8217;importante famiglia di Shiraz con l&#8217;intento di contrastare il crescente potere della confederazione Qashqai con la quale si sono scontrati ripetutamente. Con il tempo la maggior parte dei Khamseh si \u00e8 sedentarizzata e oggi solo una piccolo nucleo continua ad essere nomade. Nel 1950 la confederazione \u00e8 stata sciolta ma il termine continua ad essere utilizzato per indicarne i tappeti. Avendo i Khamseh origini diverse, i loro tappeti presentano caratteristiche differenti. Si tratta comunque di tappeti annodati interamente in lana e con disegni geometrici. La qualit\u00e0 e lucentezza delle lane pu\u00f2 variare cos\u00ec come la densit\u00e0 dell&#8217;annodatura.<\/span><\/h3>\n<p>Scopri anche i nostri <a href=\"https:\/\/www.zerbiniemoquettepalermo.it\/\" target=\"_blank\" rel=\"noopener noreferrer\">zerbini e moquette<\/a><\/p>\n","protected":false},"excerpt":{"rendered":"<p><span class=\"descr\">Tappeto Orientale N\u00b0: 6782-27<br \/>\n<\/span><\/p>\n<p><span class=\"descr\">Lavorazione:<\/span> Fatto a mano<\/p>\n<p><span class=\"descr\">Misura:<\/span> 2,15 X 1,79<\/p>\n<p><span class=\"descr\">Ordito:<\/span> Lana<\/p>\n<p><span class=\"descr\">Vello: <\/span>Lana<\/p>\n<p><span class=\"descr\">Tipo Colorazione: Colori Naturali<br \/>\n<\/span><\/p>\n<p><span class=\"descr\">Provenienza:<\/span> Iran<\/p>\n<p align=\"justify\">Autentico e Raro tappeto khamseh qashghai antico \u00e8 annodato nell&#8217;aria di shiraz in persia, \u00e8 adatto per gli ambienti moderni ma sposa bene l&#8217;arredamento classico. Se si vuole donare colore all&#8217;ambiente i Khamseh sono tra i tappeti pi\u00f9 consigliati, inoltre sono apprezzati per la morbidezza delle lane e per i colori brillanti.<\/p>\n","protected":false},"featured_media":2702,"comment_status":"closed","ping_status":"closed","template":"","meta":{"_monsterinsights_skip_tracking":false,"_monsterinsights_sitenote_active":false,"_monsterinsights_sitenote_note":"","_monsterinsights_sitenote_category":0,"_joinchat":[]},"product_brand":[],"product_cat":[29],"product_tag":[356,406,181,357,354,407,194,355,326],"class_list":{"0":"post-2695","1":"product","2":"type-product","3":"status-publish","4":"has-post-thumbnail","6":"product_cat-tappeti-persiani-ed-orientali","7":"product_tag-gabbeh-moderno","8":"product_tag-khamseh","9":"product_tag-tappeto-chiaro","10":"product_tag-tappeto-classico","11":"product_tag-tappeto-gabbeh","12":"product_tag-tappeto-khamseh","13":"product_tag-tappeto-moderno","14":"product_tag-tappeto-orientale","15":"product_tag-tappeto-persiano","16":"pa_altezza-404","17":"pa_base-405","19":"first","20":"instock","21":"sale","22":"shipping-taxable","23":"purchasable","24":"product-type-simple"},"_links":{"self":[{"href":"https:\/\/atelierdoriente.it\/index.php?rest_route=\/wp\/v2\/product\/2695","targetHints":{"allow":["GET"]}}],"collection":[{"href":"https:\/\/atelierdoriente.it\/index.php?rest_route=\/wp\/v2\/product"}],"about":[{"href":"https:\/\/atelierdoriente.it\/index.php?rest_route=\/wp\/v2\/types\/product"}],"replies":[{"embeddable":true,"href":"https:\/\/atelierdoriente.it\/index.php?rest_route=%2Fwp%2Fv2%2Fcomments&post=2695"}],"wp:featuredmedia":[{"embeddable":true,"href":"https:\/\/atelierdoriente.it\/index.php?rest_route=\/wp\/v2\/media\/2702"}],"wp:attachment":[{"href":"https:\/\/atelierdoriente.it\/index.php?rest_route=%2Fwp%2Fv2%2Fmedia&parent=2695"}],"wp:term":[{"taxonomy":"product_brand","embeddable":true,"href":"https:\/\/atelierdoriente.it\/index.php?rest_route=%2Fwp%2Fv2%2Fproduct_brand&post=2695"},{"taxonomy":"product_cat","embeddable":true,"href":"https:\/\/atelierdoriente.it\/index.php?rest_route=%2Fwp%2Fv2%2Fproduct_cat&post=2695"},{"taxonomy":"product_tag","embeddable":true,"href":"https:\/\/atelierdoriente.it\/index.php?rest_route=%2Fwp%2Fv2%2Fproduct_tag&post=2695"}],"curies":[{"name":"wp","href":"https:\/\/api.w.org\/{rel}","templated":true}]}}