{"id":2689,"date":"2022-09-27T17:34:10","date_gmt":"2022-09-27T15:34:10","guid":{"rendered":"https:\/\/atelierdoriente.it\/?post_type=product&#038;p=2689"},"modified":"2022-11-17T23:57:05","modified_gmt":"2022-11-17T22:57:05","slug":"tappeto-shiraz-212x165","status":"publish","type":"product","link":"https:\/\/atelierdoriente.it\/?product=tappeto-shiraz-212x165","title":{"rendered":"Tappeto Shiraz 2,12&#215;1,65"},"content":{"rendered":"<h3>TAPPETO SHIRAZ<\/h3>\n<h3>Il tappeto Shiraz \u00e8 annodato nella provincia Fars nell&#8217;Iran sud-occidentale, il cui capoluogo \u00e8 appunto Shiraz. Anticamente i tappeti erano prodotti dalle trib\u00f9 nomadi che occupavano la zona, oggi le popolazioni sono stanziali e vivono nei villaggi della provincia. I motivi dei tappeti sono quelli tipici dei nomadi, con semplici figure geometriche e spesso con uno o pi\u00f9 rombi al centro. Il colore di fondo \u00e8 sovente il rosso, i motivi sono realizzati con diverse sfumature di blu. I tappeti presentano anche motivi stilizzati di fiori e uccelli. Sono ritenuti tappeti rustici di buona qualit\u00e0.<\/h3>\n<h3>La citt\u00e0 di Shiraz con i suoi giardini, le tombe dei poeti e l&#8217;antica <strong>Persepoli<\/strong> nelle vicinanze \u00e8 situata nella provincia di Fars, che ha dato il nome alla Persia, l&#8217;odierno Iran.<\/h3>\n<h3>L&#8217;atmosfera rilassata piace a molti iraniani. Intorno alla citt\u00e0 vivono i nomadi Ghashghai ed i loro tappeti si vendono nel grande bazar; talvolta con il loro nome, talvolta sotto il nome di Shiraz.<\/h3>\n<h3>In generale, con i tappeti Shiraz si intende un tappeto pi\u00f9 semplice e morbido, con vello, ordito e trama in lana.<\/h3>\n<h3><\/h3>\n<p>Scopri anche i nostri <a href=\"https:\/\/www.zerbiniemoquettepalermo.it\/\" target=\"_blank\" rel=\"noopener noreferrer\">zerbini e moquette<\/a><\/p>\n","protected":false},"excerpt":{"rendered":"<p><span class=\"descr\">Tappeto Orientale N\u00b0: 90517<br \/>\n<\/span><\/p>\n<p><span class=\"descr\">Lavorazione:<\/span> Fatto a mano<\/p>\n<p><span class=\"descr\">Misura:<\/span> 2,12 X 1,65<\/p>\n<p><span class=\"descr\">Ordito:<\/span> Lana<\/p>\n<p><span class=\"descr\">Vello: <\/span>Lana<\/p>\n<p><span class=\"descr\">Tipo Colorazione: Colori Naturali<br \/>\n<\/span><\/p>\n<p><span class=\"descr\">Provenienza:<\/span> Iran<\/p>\n<p>Il tappeto Shiraz Persiano \u00e8 adatto per gli ambienti moderni ma sposa bene l&#8217;arredamento classico. Se si vuole donare colore all&#8217;ambiente i Shiraz sono tra i tappeti pi\u00f9 consigliati, inoltre sono apprezzati per la morbidezza delle lane, per i colori brillanti e per il loro aspetto tribale.<\/p>\n","protected":false},"featured_media":2690,"comment_status":"closed","ping_status":"closed","template":"","meta":{"_monsterinsights_skip_tracking":false,"_monsterinsights_sitenote_active":false,"_monsterinsights_sitenote_note":"","_monsterinsights_sitenote_category":0,"_joinchat":[]},"product_brand":[],"product_cat":[29],"product_tag":[356,403,402,181,357,354,194,355,326,401],"class_list":{"0":"post-2689","1":"product","2":"type-product","3":"status-publish","4":"has-post-thumbnail","6":"product_cat-tappeti-persiani-ed-orientali","7":"product_tag-gabbeh-moderno","8":"product_tag-perrsiano","9":"product_tag-shiraz","10":"product_tag-tappeto-chiaro","11":"product_tag-tappeto-classico","12":"product_tag-tappeto-gabbeh","13":"product_tag-tappeto-moderno","14":"product_tag-tappeto-orientale","15":"product_tag-tappeto-persiano","16":"product_tag-tappeto-shiraz","17":"pa_altezza-399","18":"pa_base-400","20":"first","21":"instock","22":"sale","23":"shipping-taxable","24":"purchasable","25":"product-type-simple"},"_links":{"self":[{"href":"https:\/\/atelierdoriente.it\/index.php?rest_route=\/wp\/v2\/product\/2689","targetHints":{"allow":["GET"]}}],"collection":[{"href":"https:\/\/atelierdoriente.it\/index.php?rest_route=\/wp\/v2\/product"}],"about":[{"href":"https:\/\/atelierdoriente.it\/index.php?rest_route=\/wp\/v2\/types\/product"}],"replies":[{"embeddable":true,"href":"https:\/\/atelierdoriente.it\/index.php?rest_route=%2Fwp%2Fv2%2Fcomments&post=2689"}],"wp:featuredmedia":[{"embeddable":true,"href":"https:\/\/atelierdoriente.it\/index.php?rest_route=\/wp\/v2\/media\/2690"}],"wp:attachment":[{"href":"https:\/\/atelierdoriente.it\/index.php?rest_route=%2Fwp%2Fv2%2Fmedia&parent=2689"}],"wp:term":[{"taxonomy":"product_brand","embeddable":true,"href":"https:\/\/atelierdoriente.it\/index.php?rest_route=%2Fwp%2Fv2%2Fproduct_brand&post=2689"},{"taxonomy":"product_cat","embeddable":true,"href":"https:\/\/atelierdoriente.it\/index.php?rest_route=%2Fwp%2Fv2%2Fproduct_cat&post=2689"},{"taxonomy":"product_tag","embeddable":true,"href":"https:\/\/atelierdoriente.it\/index.php?rest_route=%2Fwp%2Fv2%2Fproduct_tag&post=2689"}],"curies":[{"name":"wp","href":"https:\/\/api.w.org\/{rel}","templated":true}]}}