{"id":2683,"date":"2022-09-27T17:22:41","date_gmt":"2022-09-27T15:22:41","guid":{"rendered":"https:\/\/atelierdoriente.it\/?post_type=product&#038;p=2683"},"modified":"2022-11-17T23:57:08","modified_gmt":"2022-11-17T22:57:08","slug":"tappeto-islamabad-184x186","status":"publish","type":"product","link":"https:\/\/atelierdoriente.it\/?product=tappeto-islamabad-184x186","title":{"rendered":"Tappeto Islamabad 1,84&#215;1,86"},"content":{"rendered":"<h3>TAPPETO ISLAMABAD<\/h3>\n<h3>Il Tappeto <a href=\"https:\/\/atelierdoriente.it\/product-category\/tappeti-persiani-ed-orientali\/\">Islamabad<\/a> in Seta si ispira ai <strong>modelli dei tappeti<\/strong> persiani <strong>a medaglione<\/strong> o <strong>ad albero della vita<\/strong>. L\u2019albero della vita \u00e8 un tema molto importante ed anche nei <strong>tappeti Islamabad<\/strong>, per la sua vigorosa crescita, \u00e8 <strong>simbolo di vita ed armonia naturale<\/strong>. Molto spesso questi tappeti hanno il <strong>fondo in seta<\/strong>, nei <strong>colori<\/strong> che variano dal <strong>rosso<\/strong> al <strong>rosa<\/strong>, al <strong>crema<\/strong> e al <strong>beige<\/strong>.<\/h3>\n<h3>I <strong>tappeti Islamabad<\/strong> seguono uno <strong>schema floreale<\/strong>. Nella maggior parte di questi tappeti questo schema \u00e8 splendido, perch\u00e9 \u00e8 molto <strong>ricco nei disegni<\/strong> ed \u00e8 caratterizzato da <strong>colori sobri<\/strong> e non eccessivamente sgargianti. Il <strong>nodo<\/strong> usato per la loro realizzazione \u00e8 quello <strong>aperto<\/strong>, che viene denominato anche <strong>doppio nodo<\/strong> o <strong>nodo persiano<\/strong>. Questo tipo di <strong>nodo<\/strong> \u00e8 <strong>asimmetrico<\/strong> ed i<strong> tappeti Islamabad<\/strong> si contraddistinguono anche per l\u2019<strong>elevata quantit\u00e0 di nodi<\/strong>. Il nodo aperto non \u00e8 particolarmente fine, ma riesce a dare una particolare caratteristica al tappeto perch\u00e9, <strong>a seconda del punto da cui si osserva il tappeto, le sfumature di colore cambiano<\/strong>. Questa caratteristica cos\u00ec particolare rende i<strong> tappeti Islamabad molto eleganti.<\/strong><\/h3>\n<h3>Questi tappeti sono prodotti con<strong> lane cachemire<\/strong>. Questo tipo di lana li rende <strong>molto robusti<\/strong>, ma proprio per questo tendono a diventare anche un po\u2019 rigidi. La vendita dei<strong> tappeti Islamabad<\/strong> \u00e8 stata sempre un successo e questi tappeti sono stati per anni commercializzati come tappeti persiani, anche se ad un prezzo inferiore e per questo sono molto famosi ed amati nel mondo occidentale. Oggi i <strong>tappeti pakistan<\/strong>i sono molto ricercati ed amati non solo dal pubblico, ma anche dagli <em>interior designers<\/em> che utilizzano molto questo tipo di tappeto. Il merito di questo enorme successo va alla <strong>bellezza della fattura<\/strong>, ai <strong>meravigliosi disegni floreali<\/strong>, alla<strong> ricchezza dei colori<\/strong>, al <strong>fondo in seta<\/strong>, alle <strong>ottime lane usate nella tessitura<\/strong>.<\/h3>\n<h3>Scopri anche i nostri <a href=\"https:\/\/www.zerbiniemoquettepalermo.it\/\" target=\"_blank\" rel=\"noopener noreferrer\">zerbini e moquette<\/a><\/h3>\n<h3><\/h3>\n<h3><\/h3>\n","protected":false},"excerpt":{"rendered":"<p><span class=\"descr\">Tappeto N\u00b0 137344<br \/>\n<\/span><\/p>\n<p><span class=\"descr\">Lavorazione:<\/span> annodato a mano<\/p>\n<p><span class=\"descr\">Misura: Diametro<\/span> 1,84 X 1,86<\/p>\n<p><span class=\"descr\">Ordito:<\/span> cotone<\/p>\n<p><span class=\"descr\">Vello:<\/span> lana cachemire<\/p>\n<p><span class=\"descr\">Densit\u00e0 di nodi:<\/span> 250.000 m2<\/p>\n<p><span class=\"descr\">Provenienza:<\/span> Pakistan<\/p>\n<p>I <strong>tappeti Islamabad<\/strong> sono realizzati con<strong> lane di qualit\u00e0<\/strong>, <strong>molto soffici<\/strong> di origine australiana ed \u00e8 proprio questa caratteristica che li rende molto simili ai tappeti tessuti con il fondo in seta.<\/p>\n<p>&nbsp;<\/p>\n<p>&nbsp;<\/p>\n<p>&nbsp;<\/p>\n","protected":false},"featured_media":2684,"comment_status":"closed","ping_status":"closed","template":"","meta":{"_monsterinsights_skip_tracking":false,"_monsterinsights_sitenote_active":false,"_monsterinsights_sitenote_note":"","_monsterinsights_sitenote_category":0,"_joinchat":[]},"product_brand":[],"product_cat":[29],"product_tag":[342,341,338,235,336,335,334,340,337,339,312,217,333],"class_list":{"0":"post-2683","1":"product","2":"type-product","3":"status-publish","4":"has-post-thumbnail","6":"product_cat-tappeti-persiani-ed-orientali","7":"product_tag-cachemire","8":"product_tag-kashmir","9":"product_tag-tappeto-elegante","10":"product_tag-tappeto-fatto-a-mano","11":"product_tag-tappeto-floreale","12":"product_tag-tappeto-in-seta","13":"product_tag-tappeto-islamabad","14":"product_tag-tappeto-kashmire","15":"product_tag-tappeto-misto-seta","16":"product_tag-tappeto-multan","17":"product_tag-tappeto-pregiato","18":"product_tag-tappeto-rotondo","19":"product_tag-tappetp-pakistano","20":"pa_altezza-343","21":"pa_base-272","22":"pa_diametro-398","24":"first","25":"instock","26":"sale","27":"shipping-taxable","28":"purchasable","29":"product-type-simple"},"_links":{"self":[{"href":"https:\/\/atelierdoriente.it\/index.php?rest_route=\/wp\/v2\/product\/2683","targetHints":{"allow":["GET"]}}],"collection":[{"href":"https:\/\/atelierdoriente.it\/index.php?rest_route=\/wp\/v2\/product"}],"about":[{"href":"https:\/\/atelierdoriente.it\/index.php?rest_route=\/wp\/v2\/types\/product"}],"replies":[{"embeddable":true,"href":"https:\/\/atelierdoriente.it\/index.php?rest_route=%2Fwp%2Fv2%2Fcomments&post=2683"}],"wp:featuredmedia":[{"embeddable":true,"href":"https:\/\/atelierdoriente.it\/index.php?rest_route=\/wp\/v2\/media\/2684"}],"wp:attachment":[{"href":"https:\/\/atelierdoriente.it\/index.php?rest_route=%2Fwp%2Fv2%2Fmedia&parent=2683"}],"wp:term":[{"taxonomy":"product_brand","embeddable":true,"href":"https:\/\/atelierdoriente.it\/index.php?rest_route=%2Fwp%2Fv2%2Fproduct_brand&post=2683"},{"taxonomy":"product_cat","embeddable":true,"href":"https:\/\/atelierdoriente.it\/index.php?rest_route=%2Fwp%2Fv2%2Fproduct_cat&post=2683"},{"taxonomy":"product_tag","embeddable":true,"href":"https:\/\/atelierdoriente.it\/index.php?rest_route=%2Fwp%2Fv2%2Fproduct_tag&post=2683"}],"curies":[{"name":"wp","href":"https:\/\/api.w.org\/{rel}","templated":true}]}}