{"id":2217,"date":"2022-01-16T20:13:09","date_gmt":"2022-01-16T19:13:09","guid":{"rendered":"https:\/\/atelierdoriente.it\/?post_type=product&#038;p=2217"},"modified":"2022-11-17T23:57:43","modified_gmt":"2022-11-17T22:57:43","slug":"tappeto-kazak-174x103","status":"publish","type":"product","link":"https:\/\/atelierdoriente.it\/?product=tappeto-kazak-174x103","title":{"rendered":"Tappeto Kazak 1,74&#215;1,03"},"content":{"rendered":"<h3>TAPPETO KAZAK GOLD<\/h3>\n<h3><span style=\"font-size: large;\"><b>Tappeto Kazak Gold: <\/b><\/span><span style=\"font-size: large;\">Gli antichi e vecchi Kazak provengono da una regione montuosa situata nel cuore del caucaso. Il nome \u00e8 dato dalla cittadina di Kazakh, che \u00e8 il centro principale della regione, dove molto probabilmente questi tappeti venivano raccolti e venduti. Da alcuni decenni l&#8217;artigianato del tappeto \u00e8 stato riorganizzato nell Unione Sovietica e ora tappeti annodati a mano con disegno Kazak sono realizzati in alcuni centri di produzione dell&#8217;Armenia, dell&#8217;Azerbaijan, della Georgia e del Daghestan.<\/span><\/h3>\n<h3><span style=\"font-size: large;\">Gli antichi Kazak sono opera di pastori seminomadi e annodati con l&#8217;utilizzo del telaio orizzontale. L&#8217;ordito e la trama sono in lana; poiche i fili della trama, sempre di colore rosso o bruno, sono anche tre fra un allineamento di nodi e il successivo, la trama risulta ben visibile sul retro del tappeto. Il vello \u00e8 in lana rasata piuttosto alta. La lana usata \u00e8 morbida, vellutata e molto resistente all&#8217;usura. Il nodo \u00e8 il turkibaft con una densit\u00e0 che varia da 80.000 a 150.000 nodi per metro quadrato. Le dimensioni piu comuni sono comprese tra cm 150-170 x 210-240; frequenti sono i tappeti di piccole dimensioni (cm 70-90 x 140-170) e le passatoie. Nei Kazak moderni la trama e l&#8217;ordito sono in cotone; la lavorazione\u00e8 molto precisa, in netto contrasto con le irregolarit\u00e0 di nodo e formato, caratteristiche dei tappeti vecchi e antichi.<\/span><\/h3>\n<h3><span style=\"font-size: large;\">Ogni Tappeto Kazak Gold \u00e8 un&#8217;opera d&#8217;arte, espressione di un&#8217;innata e profonda sensibilit\u00e0 del tessitore per i colori e le forme. <\/span><\/h3>\n<h3><span style=\"font-size: large;\">Malgrado l&#8217;originalit\u00e0 di ogni esemplare i Kazak possono essere suddivisi in quattro gruppi principali con caratteristiche decorative simili: kazak ad aquila, kazak a medaglione centrale, Kazak a disegno ripetuto, Kazak a medaglioni multipli. I Kazak ad aquila, spesso chiamati Kazak Adler (aquila in tedesco ) oppure Chelaberd dal nome di un villaggio, sono caratterizzati da un grande medaglione raggiato che ricorda le ali spiegate di un aquila . Questo medaglione, sempre a fondo bisnco, solo o ripetuto, copre gran parte del campo ed \u00e8 decorato all&#8217;interno da vari motivi posti su un disegno a croce. iL RESTO DEL CAMPO \u00e8 DECORATO DA STELLE A OTTO PUNTE, rosette , figurine stilizzate di uomini e di animali, prevalentemente uccelli e cammelli, tutte disposte senza un ordine preciso ma secondo la fantasia dell&#8217;artigiano.<\/span><\/h3>\n<h3><span style=\"font-size: large;\">I Kazak a medaglione centrale hanno un grande medaglione a forma orragonale; nell&#8217;interno dell&#8217;ottagono , di solito a fondo bianco, \u00e8 disposta un&#8217;altra figura geometrica, quasi sempre un quadrato. Il medaglione centrale ottagonale \u00e8 a sua volta compreso in un quadrato. Il resto del campo presenta altre figure geometriche, quadrati e rettangoli decorati all&#8217;interno con la stella ad otto punte. I Kazak a disegno ripetuto hanno il campo decorato da un susseguirsi di esagoni o di ottagoni con il fondo di colori differenti ma ornati dallo stesso disegno, quasi sempre un intreccio di greche.<\/span><\/h3>\n<h3><span style=\"font-size: large;\">Nei Kazak a medaglioni multipli il cmpo \u00e8 decorato da un susseguirsi di medaglioni di differenti forme geometriche spesso delimitati da una greca; questa decorazione si ritrova soprattutto nei Kazak piccoli e in quelli di forma allunganta.<\/span><\/h3>\n<h3><span style=\"font-size: large;\">Anche le bordure sono molto originali e dimostrano la creativit\u00e0 dell&#8217;artigiano. Spesso esse sono in dimensioni limitate in rapporto al tappeto.<\/span><\/h3>\n<h3><span style=\"font-size: large;\">I colori di questi manufatti sono vivaci e accostati con grande sensibilit\u00e0 cromatica: il rosso e il blu sono pi\u00f9 frequenti per il campo; il bianco, il giallo, il verde e l&#8217;azzurro per i motivi.<\/span><\/h3>\n<h3><span style=\"font-size: large;\">Pertanto gli esemplari di produzione contemporanea, sono realizzati in Pakistan da annodatori di origine Afgana recuperando nei disegni gli schemi dei pi\u00f9 importanti esemplari della produzione caucasica dei secoli scorsi.<\/span><\/h3>\n<p>Scopri anche <a href=\"https:\/\/www.zerbiniemoquettepalermo.it\/\" target=\"_blank\" rel=\"noopener\">zerbini e Moquette<\/a><\/p>\n<p>&nbsp;<\/p>\n","protected":false},"excerpt":{"rendered":"<p><span class=\"descr\">Tappeto Orientale N\u00b0 188<br \/>\n<\/span><\/p>\n<p><span class=\"descr\">Lavorazione:<\/span> Annodato a mano<\/p>\n<p><span class=\"descr\">Misura:<\/span> 1,74 X 1,03<\/p>\n<p><span class=\"descr\">Ordito:<\/span> Lana<\/p>\n<p><span class=\"descr\">Vello:<\/span> Lana<\/p>\n<p><span class=\"descr\">Tipo Colorazione:<\/span> Colori Naturali<\/p>\n<p><span class=\"descr\">Provenienza:<\/span> Pakistan<\/p>\n<p>I &#8220;<a href=\"https:\/\/atelierdoriente.it\/product-category\/tappeti-persiani-ed-orientali\/\" target=\"_blank\" rel=\"nofollow noopener sponsored noreferrer\">Kazak<\/a>&#8221; di questa provenienza sono eleganti, sobri e semplici. Annodati finemente con disegni decorativi, sono adatti ad arredamenti sia moderni che classici di pregio.<\/p>\n","protected":false},"featured_media":2218,"comment_status":"closed","ping_status":"closed","template":"","meta":{"_monsterinsights_skip_tracking":false,"_monsterinsights_sitenote_active":false,"_monsterinsights_sitenote_note":"","_monsterinsights_sitenote_category":0,"_joinchat":[]},"product_brand":[],"product_cat":[29],"product_tag":[327,303,313,181,318,319,320,321,324,325,326,323,322],"class_list":{"0":"post-2217","1":"product","2":"type-product","3":"status-publish","4":"has-post-thumbnail","6":"product_cat-tappeti-persiani-ed-orientali","7":"product_tag-annodato-a-mano","8":"product_tag-kazak","9":"product_tag-tappeto-afghano","10":"product_tag-tappeto-chiaro","11":"product_tag-tappeto-kazak","12":"product_tag-tappeto-kazak-antico","13":"product_tag-tappeto-kazak-gold","14":"product_tag-tappeto-kazak-old","15":"product_tag-tappeto-living","16":"product_tag-tappeto-pakistano","17":"product_tag-tappeto-persiano","18":"product_tag-tappeto-salotto","19":"product_tag-tappeto-shirwan","20":"pa_altezza-263","21":"pa_base-236","23":"first","24":"instock","25":"sale","26":"shipping-taxable","27":"purchasable","28":"product-type-simple"},"_links":{"self":[{"href":"https:\/\/atelierdoriente.it\/index.php?rest_route=\/wp\/v2\/product\/2217","targetHints":{"allow":["GET"]}}],"collection":[{"href":"https:\/\/atelierdoriente.it\/index.php?rest_route=\/wp\/v2\/product"}],"about":[{"href":"https:\/\/atelierdoriente.it\/index.php?rest_route=\/wp\/v2\/types\/product"}],"replies":[{"embeddable":true,"href":"https:\/\/atelierdoriente.it\/index.php?rest_route=%2Fwp%2Fv2%2Fcomments&post=2217"}],"wp:featuredmedia":[{"embeddable":true,"href":"https:\/\/atelierdoriente.it\/index.php?rest_route=\/wp\/v2\/media\/2218"}],"wp:attachment":[{"href":"https:\/\/atelierdoriente.it\/index.php?rest_route=%2Fwp%2Fv2%2Fmedia&parent=2217"}],"wp:term":[{"taxonomy":"product_brand","embeddable":true,"href":"https:\/\/atelierdoriente.it\/index.php?rest_route=%2Fwp%2Fv2%2Fproduct_brand&post=2217"},{"taxonomy":"product_cat","embeddable":true,"href":"https:\/\/atelierdoriente.it\/index.php?rest_route=%2Fwp%2Fv2%2Fproduct_cat&post=2217"},{"taxonomy":"product_tag","embeddable":true,"href":"https:\/\/atelierdoriente.it\/index.php?rest_route=%2Fwp%2Fv2%2Fproduct_tag&post=2217"}],"curies":[{"name":"wp","href":"https:\/\/api.w.org\/{rel}","templated":true}]}}