{"id":2183,"date":"2022-01-16T19:05:56","date_gmt":"2022-01-16T18:05:56","guid":{"rendered":"https:\/\/atelierdoriente.it\/?post_type=product&#038;p=2183"},"modified":"2022-11-17T23:57:47","modified_gmt":"2022-11-17T22:57:47","slug":"tappeto-farahan-240x169","status":"publish","type":"product","link":"https:\/\/atelierdoriente.it\/?product=tappeto-farahan-240x169","title":{"rendered":"Tappeto Farahan 2,40&#215;1,69"},"content":{"rendered":"<h3>TAPPETO FARAHAN<\/h3>\n<h3>Il Tappeto <a href=\"https:\/\/atelierdoriente.it\/product-category\/tappeti-persiani-ed-orientali\/\">Farahan<\/a>\u00a0 sono una rivisitazione dei tappeti persiani prodotti dalla Ziegler, societ\u00e0 anglo-svizzera che alla fine dell&#8217;Ottocento ottenne il controllo della produzione persiana e che a sua volta, su commissione, produsse tappeti per il mercato americano, chiamati appunto Ziegler. Questa \u00e8 una bellissima tipologia di tappeti annodati a mano nella zona di confine tra Pakistan e Afganistan. Il soggetto floreale del tappeto farahan si ispira ai tappeti annodati tra la fine del 1800 ed i primi del 1900 nella zona di Arak, in Iran. Essa \u00e8 composta da una moltitudine di villaggi, tutti occupati nell\u2019annodatura dei tappeti. Gli esemplari di questa provenienza sono eleganti nelle decorazioni, sobri e semplici. Con annodatura fine e disegni decorativi, sono adatti ad arredamenti sia moderni che classici di pregio. Viene utilizzata solo lana Ghazni ritorta a mano per un effetto setato molto brillante. I colori sono a base vegetale. Ordito e trama sono in cotone robusto, sempre ritorto con finezza. L\u2019annodatura \u00e8 effettuata con nodi persiani e generalmente \u00e8 fine. Il vello \u00e8 in lana pregiata, robusta e dura, rasata bassa e, nei tappeti con nodi fini, anche molto bassa. Le colorazioni prevalenti sono il verde scuro, l\u2019indaco, il giallo e il rosso arancione. Nero e indaco scuro sono le tonalit\u00e0 usate per il contorno in fini accostamenti e, soltanto per rari disegni, si usa il bianco e il marrone chiaro. Nelle decorazioni, il disegno del \u201c tappeto farahan\u201d \u00e8 molto vario. Le bordature imponenti e armoniose collaborano ad accentuare la forza d\u2019espressione in questi tappeti, insieme alle bordature \u201cherati\u201d \u201cdombakli\u201d e quelle \u201cherati a tartaruga\u201d, nonch\u00e9 foglie, fiori e tralci.<\/h3>\n<h3>Nella nuova produzione Afghana sono tanti i fiori molto colorati che si estendono sopra il tappeto. I tappeti Farahan Afghani artigianali fatti a mano sono tutti di ottima qualit\u00e0 e la loro trama \u00e8 fatta di filati di lana pregiata. Il tappeto Farahan \u00e8 un oggetto da collezione particolarmente prezioso per cui richiede anche un prezzo abbastanza elevato.<\/h3>\n<p>Scopri anche i nostri <a href=\"https:\/\/www.zerbiniemoquettepalermo.it\/\" target=\"_blank\" rel=\"noopener noreferrer\">zerbini e moquette<\/a><\/p>\n<p>&nbsp;<\/p>\n","protected":false},"excerpt":{"rendered":"<p><span class=\"descr\">Tappeto Orientale N\u00b0:<\/span> 5459<\/p>\n<p><span class=\"descr\">Lavorazione:<\/span> Annodato a mano<\/p>\n<p><span class=\"descr\">Misura:<\/span> 2,40 X 1,69<\/p>\n<p><span class=\"descr\">Ordito:<\/span> cotone<\/p>\n<p><span class=\"descr\">Vello:<\/span> Lana<\/p>\n<p><span class=\"descr\">Tipo Colorazione:<\/span> Colori Naturali<\/p>\n<p><span class=\"descr\">Provenienza:<\/span> Afghanistan<\/p>\n<p>I Farahan &#8220;Ziegler&#8221; di questa provenienza sono eleganti, sobri e semplici. Annodati finemente con disegni decorativi, sono adatti ad arredamenti sia moderni che classici di pregio.<\/p>\n","protected":false},"featured_media":2184,"comment_status":"closed","ping_status":"closed","template":"","meta":{"_monsterinsights_skip_tracking":false,"_monsterinsights_sitenote_active":false,"_monsterinsights_sitenote_note":"","_monsterinsights_sitenote_category":0,"_joinchat":[]},"product_brand":[],"product_cat":[29],"product_tag":[308,305,304,303,310,311,302,306,313,211,194,309,312,307],"class_list":{"0":"post-2183","1":"product","2":"type-product","3":"status-publish","4":"has-post-thumbnail","6":"product_cat-tappeti-persiani-ed-orientali","7":"product_tag-chobi","8":"product_tag-faharan","9":"product_tag-farahan","10":"product_tag-kazak","11":"product_tag-living","12":"product_tag-salone","13":"product_tag-shabargan","14":"product_tag-tappeto","15":"product_tag-tappeto-afghano","16":"product_tag-tappeto-colorato","17":"product_tag-tappeto-moderno","18":"product_tag-tappeto-per-living","19":"product_tag-tappeto-pregiato","20":"product_tag-zigler","21":"pa_altezza-143","22":"pa_base-145","24":"first","25":"instock","26":"sale","27":"shipping-taxable","28":"purchasable","29":"product-type-simple"},"_links":{"self":[{"href":"https:\/\/atelierdoriente.it\/index.php?rest_route=\/wp\/v2\/product\/2183","targetHints":{"allow":["GET"]}}],"collection":[{"href":"https:\/\/atelierdoriente.it\/index.php?rest_route=\/wp\/v2\/product"}],"about":[{"href":"https:\/\/atelierdoriente.it\/index.php?rest_route=\/wp\/v2\/types\/product"}],"replies":[{"embeddable":true,"href":"https:\/\/atelierdoriente.it\/index.php?rest_route=%2Fwp%2Fv2%2Fcomments&post=2183"}],"wp:featuredmedia":[{"embeddable":true,"href":"https:\/\/atelierdoriente.it\/index.php?rest_route=\/wp\/v2\/media\/2184"}],"wp:attachment":[{"href":"https:\/\/atelierdoriente.it\/index.php?rest_route=%2Fwp%2Fv2%2Fmedia&parent=2183"}],"wp:term":[{"taxonomy":"product_brand","embeddable":true,"href":"https:\/\/atelierdoriente.it\/index.php?rest_route=%2Fwp%2Fv2%2Fproduct_brand&post=2183"},{"taxonomy":"product_cat","embeddable":true,"href":"https:\/\/atelierdoriente.it\/index.php?rest_route=%2Fwp%2Fv2%2Fproduct_cat&post=2183"},{"taxonomy":"product_tag","embeddable":true,"href":"https:\/\/atelierdoriente.it\/index.php?rest_route=%2Fwp%2Fv2%2Fproduct_tag&post=2183"}],"curies":[{"name":"wp","href":"https:\/\/api.w.org\/{rel}","templated":true}]}}