{"id":1739,"date":"2021-09-16T10:26:47","date_gmt":"2021-09-16T08:26:47","guid":{"rendered":"https:\/\/atelierdoriente.it\/?post_type=product&#038;p=1739"},"modified":"2022-11-17T23:52:59","modified_gmt":"2022-11-17T22:52:59","slug":"tappeto-moderno-velve-6","status":"publish","type":"product","link":"https:\/\/atelierdoriente.it\/?product=tappeto-moderno-velve-6","title":{"rendered":"Tappeto moderno Velve"},"content":{"rendered":"<h3>Tappeto moderno Velve<\/h3>\n<h3>Nella quotidianit\u00e0 di ognuno di noi, il colore\u00a0\u00e8 l\u2019elemento che meglio rappresenta lo scambio di un\u00a0messaggio dotato di significato. Personalit\u00e0, carattere e modo di pensare possono essere rappresentati dalle tonalit\u00e0 che pi\u00f9 si avvicinano al nostro essere tramite un preciso linguaggio simbolico.<\/h3>\n<h3>Ad ogni arredamento contemporaneo corrispondono tappeti moderni perfetti per rendere l&#8217;ambiente accogliente e con un tocco di unicit\u00e0.<br \/>\nPer compiere un investimento sicuro e di qualit\u00e0, \u00e8 bene avere le idee chiare su quali siano i requisiti da ricercare nei migliori tappeti moderni disponibili sul mercato.<\/h3>\n<h3>I <a href=\"https:\/\/atelierdoriente.it\/product-category\/tappeti-moderni\/\">tappeti moderni<\/a> Velve sono dediti ad arredare un&#8217;intera stanza con facilit\u00e0. Grazie ai loro colori ed alle loro texture innovative sono in grado di cambiare completamente l&#8217;aspetto del soggiorno, della camera da letto o della cucina in modo estremamente semplice. Inserire un tappeto moderno\u00a0 nella propria casa significa apportare eleganza e stile alla propria abitazione senza particolari interventi invasivi. La peculiarit\u00e0\u00a0 del tappeto rotondo sta proprio nella sua versatilit\u00e0, puoi trasformare completamente la percezione degli ambienti e cambiarli a tuo piacimento ogni volta che vuoi.<\/h3>\n<p>Scopri anche i nostri <a href=\"https:\/\/www.zerbiniemoquettepalermo.it\/\" target=\"_blank\" rel=\"noopener\">zerbini e moquette<\/a><\/p>\n","protected":false},"excerpt":{"rendered":"<p><span class=\"descr\">Lavorazione:<\/span> Meccanizzata<br \/>\n<span class=\"descr\">Misura:<\/span> 1,50 x 0,80 | 1,80 x 1,20 | 2,30 x 1,60<br \/>\n<span class=\"descr\">Composizione:<\/span> Lana sintetica, Bamboo silk<br \/>\n<span class=\"descr\">Provenienza:<\/span> Turchia<\/p>\n<p>&nbsp;<\/p>\n<p>Un Tappeto che valorizza ogni ambiente grazie ai suoi toni tenui e al motivo classico riproposto in chiave moderna che lo caratterizza.<\/p>\n<p>Impreziosito dalla seta di bamboo che lo rende morbido e brillante \u00e8 tessuto su telaio meccanico, \u00e8 il tappeto perfetto per ogni ambiente di casa. Tappeto moderno e dal design raffinato trova il suo spazio nell\u2019area divano e nelle zone contract. Ideale per gli ambienti contemporanei, valorizza con modernit\u00e0 ed eleganza gli arredi classici.<\/p>\n","protected":false},"featured_media":1743,"comment_status":"closed","ping_status":"closed","template":"","meta":{"_monsterinsights_skip_tracking":false,"_monsterinsights_sitenote_active":false,"_monsterinsights_sitenote_note":"","_monsterinsights_sitenote_category":0,"_joinchat":[]},"product_brand":[],"product_cat":[30],"product_tag":[224,205,223,219,220,194,218,217],"class_list":{"0":"post-1739","1":"product","2":"type-product","3":"status-publish","4":"has-post-thumbnail","6":"product_cat-tappeti-moderni","7":"product_tag-tappeto-black","8":"product_tag-tappeto-blue","9":"product_tag-tappeto-contemporaneo","10":"product_tag-tappeto-di-design","11":"product_tag-tappeto-grey","12":"product_tag-tappeto-moderno","13":"product_tag-tappeto-moderno-rotondo","14":"product_tag-tappeto-rotondo","15":"pa_altezza-78","16":"pa_altezza-54","17":"pa_altezza-80","18":"pa_base-77","19":"pa_base-53","20":"pa_base-79","22":"first","23":"instock","24":"shipping-taxable","25":"purchasable","26":"product-type-variable"},"_links":{"self":[{"href":"https:\/\/atelierdoriente.it\/index.php?rest_route=\/wp\/v2\/product\/1739","targetHints":{"allow":["GET"]}}],"collection":[{"href":"https:\/\/atelierdoriente.it\/index.php?rest_route=\/wp\/v2\/product"}],"about":[{"href":"https:\/\/atelierdoriente.it\/index.php?rest_route=\/wp\/v2\/types\/product"}],"replies":[{"embeddable":true,"href":"https:\/\/atelierdoriente.it\/index.php?rest_route=%2Fwp%2Fv2%2Fcomments&post=1739"}],"wp:featuredmedia":[{"embeddable":true,"href":"https:\/\/atelierdoriente.it\/index.php?rest_route=\/wp\/v2\/media\/1743"}],"wp:attachment":[{"href":"https:\/\/atelierdoriente.it\/index.php?rest_route=%2Fwp%2Fv2%2Fmedia&parent=1739"}],"wp:term":[{"taxonomy":"product_brand","embeddable":true,"href":"https:\/\/atelierdoriente.it\/index.php?rest_route=%2Fwp%2Fv2%2Fproduct_brand&post=1739"},{"taxonomy":"product_cat","embeddable":true,"href":"https:\/\/atelierdoriente.it\/index.php?rest_route=%2Fwp%2Fv2%2Fproduct_cat&post=1739"},{"taxonomy":"product_tag","embeddable":true,"href":"https:\/\/atelierdoriente.it\/index.php?rest_route=%2Fwp%2Fv2%2Fproduct_tag&post=1739"}],"curies":[{"name":"wp","href":"https:\/\/api.w.org\/{rel}","templated":true}]}}