{"id":1710,"date":"2021-09-13T11:58:41","date_gmt":"2021-09-13T09:58:41","guid":{"rendered":"https:\/\/atelierdoriente.it\/?post_type=product&#038;p=1710"},"modified":"2022-11-17T23:53:00","modified_gmt":"2022-11-17T22:53:00","slug":"tappeto-moderno-velve-3","status":"publish","type":"product","link":"https:\/\/atelierdoriente.it\/?product=tappeto-moderno-velve-3","title":{"rendered":"Tappeto Moderno Velve"},"content":{"rendered":"<h3>Tappeto Moderno Velve Grey\/Black<\/h3>\n<h3>Nella quotidianit\u00e0 di ognuno di noi, il colore\u00a0\u00e8 l\u2019elemento che meglio rappresenta lo scambio di un\u00a0messaggio dotato di significato. Personalit\u00e0, carattere e modo di pensare possono essere rappresentati dalle tonalit\u00e0 che pi\u00f9 si avvicinano al nostro essere tramite un preciso linguaggio simbolico.<\/h3>\n<h3>Ad ogni arredamento contemporaneo corrispondono tappeti moderni perfetti per rendere l&#8217;ambiente accogliente e con un tocco di unicit\u00e0.<br \/>\nPer compiere un investimento sicuro e di qualit\u00e0, \u00e8 bene avere le idee chiare su quali siano i requisiti da ricercare nei migliori tappeti moderni disponibili sul mercato.<\/h3>\n<h3>I <a href=\"https:\/\/atelierdoriente.it\/product-category\/tappeti-moderni\/\">tappeti moderni<\/a> Velve sono dediti ad arredare un&#8217;intera stanza con facilit\u00e0. Grazie ai loro colori ed alle loro texture innovative sono in grado di cambiare completamente l&#8217;aspetto del soggiorno, della camera da letto o della cucina in modo estremamente semplice. Inserire un tappeto moderno\u00a0 nella propria casa significa apportare eleganza e stile alla propria abitazione senza particolari interventi invasivi. La peculiarit\u00e0\u00a0 del tappeto rotondo sta proprio nella sua versatilit\u00e0, puoi trasformare completamente la percezione degli ambienti e cambiarli a tuo piacimento ogni volta che vuoi.<\/h3>\n<p>Scopri anche i nostri <a href=\"https:\/\/www.zerbiniemoquettepalermo.it\/\" target=\"_blank\" rel=\"noopener\">zerbini e moquette<\/a><\/p>\n","protected":false},"excerpt":{"rendered":"<p><span class=\"descr\">Lavorazione:<\/span> Meccanizzata<br \/>\n<span class=\"descr\">Misura:<\/span> Diametro 1,50 M<br \/>\n<span class=\"descr\">Composizione:<\/span> Lana sintetica, Bamboo silk<br \/>\n<span class=\"descr\">Provenienza:<\/span> Turchia<\/p>\n<p>Un Tappeto che valorizza ogni ambiente grazie ai suoi toni decisi e al motivo geometrico che lo caratterizza.<\/p>\n<p>Tessuto su telaio meccanico, \u00e8 il tappeto perfetto per ogni ambiente di casa. Tappeto moderno e dal design raffinato trova il suo spazio nell\u2019area divano e nelle zone contract. Ideale per gli ambienti contemporanei, valorizza con modernit\u00e0 ed eleganza gli arredi classici.<\/p>\n<p>&nbsp;<\/p>\n","protected":false},"featured_media":1711,"comment_status":"closed","ping_status":"closed","template":"","meta":{"_monsterinsights_skip_tracking":false,"_monsterinsights_sitenote_active":false,"_monsterinsights_sitenote_note":"","_monsterinsights_sitenote_category":0,"_joinchat":[]},"product_brand":[],"product_cat":[30],"product_tag":[205,219,220,194,218,217],"class_list":{"0":"post-1710","1":"product","2":"type-product","3":"status-publish","4":"has-post-thumbnail","6":"product_cat-tappeti-moderni","7":"product_tag-tappeto-blue","8":"product_tag-tappeto-di-design","9":"product_tag-tappeto-grey","10":"product_tag-tappeto-moderno","11":"product_tag-tappeto-moderno-rotondo","12":"product_tag-tappeto-rotondo","13":"pa_diametro-150-mt","15":"first","16":"instock","17":"sale","18":"shipping-taxable","19":"purchasable","20":"product-type-simple"},"_links":{"self":[{"href":"https:\/\/atelierdoriente.it\/index.php?rest_route=\/wp\/v2\/product\/1710","targetHints":{"allow":["GET"]}}],"collection":[{"href":"https:\/\/atelierdoriente.it\/index.php?rest_route=\/wp\/v2\/product"}],"about":[{"href":"https:\/\/atelierdoriente.it\/index.php?rest_route=\/wp\/v2\/types\/product"}],"replies":[{"embeddable":true,"href":"https:\/\/atelierdoriente.it\/index.php?rest_route=%2Fwp%2Fv2%2Fcomments&post=1710"}],"wp:featuredmedia":[{"embeddable":true,"href":"https:\/\/atelierdoriente.it\/index.php?rest_route=\/wp\/v2\/media\/1711"}],"wp:attachment":[{"href":"https:\/\/atelierdoriente.it\/index.php?rest_route=%2Fwp%2Fv2%2Fmedia&parent=1710"}],"wp:term":[{"taxonomy":"product_brand","embeddable":true,"href":"https:\/\/atelierdoriente.it\/index.php?rest_route=%2Fwp%2Fv2%2Fproduct_brand&post=1710"},{"taxonomy":"product_cat","embeddable":true,"href":"https:\/\/atelierdoriente.it\/index.php?rest_route=%2Fwp%2Fv2%2Fproduct_cat&post=1710"},{"taxonomy":"product_tag","embeddable":true,"href":"https:\/\/atelierdoriente.it\/index.php?rest_route=%2Fwp%2Fv2%2Fproduct_tag&post=1710"}],"curies":[{"name":"wp","href":"https:\/\/api.w.org\/{rel}","templated":true}]}}