{"id":1101,"date":"2020-11-20T19:31:15","date_gmt":"2020-11-20T18:31:15","guid":{"rendered":"https:\/\/atelierdoriente.it\/?post_type=product&#038;p=1101"},"modified":"2021-01-06T18:38:57","modified_gmt":"2021-01-06T17:38:57","slug":"tappeto-yalameh-cod-001y","status":"publish","type":"product","link":"https:\/\/atelierdoriente.it\/?product=tappeto-yalameh-cod-001y","title":{"rendered":"Tappeto YALAMEH cod.001Y"},"content":{"rendered":"<p><b>Informazione sul tappeto Yalameh<br \/>\n<\/b><\/p>\n<p><em>\u00a0<\/em><\/p>\n<p>I tappeti Yalameh sono realizzati nella parte sud occidentale della regione del Chahar Mahal, per poi essere smerciati nella cittadina di Talkhunc\u00e8 e a Isfahan.<\/p>\n<p>L&#8217;impianto dei tappeti pi\u00f9 ricorrente \u00e8 quello a medaglioni concentrici che riprendono il caratteristico profilo uncinato del Lori.<\/p>\n<p>L&#8217;effetto di insieme, per\u00f2, \u00e8 molto diverso, poich\u00e9 i Tappeti Yalameh propongono un&#8217;infinit\u00e0 di piccoli motivi sparsi per tutto il campo: rosette, stelle a otto punte, steli, animali, decori floreali.<\/p>\n<p>Gli esperti annodatori utilizzano con maestria sia il nodo simmetrico sia quello asimmetrico.<\/p>\n<p>La preziosit\u00e0 dei tappeti locali persiani di Yalameh dipende anche dalla struttura interamente in lana, come insegna la migliore tradizione.<\/p>\n<p>La colorazione in genere si avvale tuttora di tinte naturali, sapientemente accostate in un gioco di contrasti vivaci ma ben calibrati. I colori dei Yalameh ricorrenti sono in giallo ocra, rosso mattone, l&#8217;azzurro, il blu, l&#8217;arancione e l&#8217;avorio.<\/p>\n<p>&nbsp;<\/p>\n<p>&nbsp;<\/p>\n","protected":false},"excerpt":{"rendered":"<p><span class=\"descr\">Lavorazione:<\/span> annodato a mano<br \/>\n<span class=\"descr\">Misura:<\/span> 1,35 X 0,83<br \/>\n<span class=\"descr\">Ordito:<\/span> lana<br \/>\n<span class=\"descr\">Vello:<\/span> lana<br \/>\n<span class=\"descr\">Densit\u00e0 di nodi:<\/span> 250.000 m2<br \/>\n<span class=\"descr\">Provenienza:<\/span> Iran, Persia<\/p>\n","protected":false},"featured_media":1102,"comment_status":"closed","ping_status":"closed","template":"","meta":{"_monsterinsights_skip_tracking":false,"_monsterinsights_sitenote_active":false,"_monsterinsights_sitenote_note":"","_monsterinsights_sitenote_category":0,"_joinchat":[]},"product_brand":[],"product_cat":[15],"product_tag":[],"class_list":{"0":"post-1101","1":"product","2":"type-product","3":"status-publish","4":"has-post-thumbnail","6":"product_cat-uncategorized","7":"pa_altezza-86","8":"pa_base-85","10":"first","11":"instock","12":"sale","13":"shipping-taxable","14":"purchasable","15":"product-type-simple"},"_links":{"self":[{"href":"https:\/\/atelierdoriente.it\/index.php?rest_route=\/wp\/v2\/product\/1101","targetHints":{"allow":["GET"]}}],"collection":[{"href":"https:\/\/atelierdoriente.it\/index.php?rest_route=\/wp\/v2\/product"}],"about":[{"href":"https:\/\/atelierdoriente.it\/index.php?rest_route=\/wp\/v2\/types\/product"}],"replies":[{"embeddable":true,"href":"https:\/\/atelierdoriente.it\/index.php?rest_route=%2Fwp%2Fv2%2Fcomments&post=1101"}],"wp:featuredmedia":[{"embeddable":true,"href":"https:\/\/atelierdoriente.it\/index.php?rest_route=\/wp\/v2\/media\/1102"}],"wp:attachment":[{"href":"https:\/\/atelierdoriente.it\/index.php?rest_route=%2Fwp%2Fv2%2Fmedia&parent=1101"}],"wp:term":[{"taxonomy":"product_brand","embeddable":true,"href":"https:\/\/atelierdoriente.it\/index.php?rest_route=%2Fwp%2Fv2%2Fproduct_brand&post=1101"},{"taxonomy":"product_cat","embeddable":true,"href":"https:\/\/atelierdoriente.it\/index.php?rest_route=%2Fwp%2Fv2%2Fproduct_cat&post=1101"},{"taxonomy":"product_tag","embeddable":true,"href":"https:\/\/atelierdoriente.it\/index.php?rest_route=%2Fwp%2Fv2%2Fproduct_tag&post=1101"}],"curies":[{"name":"wp","href":"https:\/\/api.w.org\/{rel}","templated":true}]}}