{"id":539,"date":"2020-09-08T09:37:52","date_gmt":"2020-09-08T07:37:52","guid":{"rendered":"https:\/\/atelierdoriente.it\/?page_id=539"},"modified":"2026-04-18T12:06:18","modified_gmt":"2026-04-18T10:06:18","slug":"chi-siamo","status":"publish","type":"page","link":"https:\/\/atelierdoriente.it\/?page_id=539","title":{"rendered":"Chi siamo"},"content":{"rendered":"\t\t<div data-elementor-type=\"wp-page\" data-elementor-id=\"539\" class=\"elementor elementor-539\" data-elementor-post-type=\"page\">\n\t\t\t\t<div class=\"elementor-element elementor-element-1c1a9ab e-flex e-con-boxed e-con e-parent\" data-id=\"1c1a9ab\" data-element_type=\"container\">\n\t\t\t\t\t<div class=\"e-con-inner\">\n\t\t\t\t<div class=\"elementor-element elementor-element-eab87b4 elementor-widget elementor-widget-text-editor\" data-id=\"eab87b4\" data-element_type=\"widget\" data-widget_type=\"text-editor.default\">\n\t\t\t\t\t\t\t\t\t<h4>L\u2019azienda che oggi porta il nome di Atelier D\u2019Oriente nasce negli anni 60\u2032 dall\u2019ispirazione che il suo fondatore ha tratto durante i suoi viaggi nelle terre d\u2019Oriente. La prima scelta di tappeti orientali, tappeti moderni, tappeti kilim e tappeti persiani.<\/h4><div class=\"notranslate\" style=\"all: initial;\">\u00a0<\/div>\t\t\t\t\t\t\t\t<\/div>\n\t\t\t\t\t<\/div>\n\t\t\t\t<\/div>\n\t\t<div class=\"elementor-element elementor-element-891a704 e-flex e-con-boxed e-con e-parent\" data-id=\"891a704\" data-element_type=\"container\">\n\t\t\t\t\t<div class=\"e-con-inner\">\n\t\t<div class=\"elementor-element elementor-element-7f77250 e-con-full e-flex e-con e-child\" data-id=\"7f77250\" data-element_type=\"container\">\n\t\t\t\t<div class=\"elementor-element elementor-element-8c4333c elementor-widget elementor-widget-image\" data-id=\"8c4333c\" data-element_type=\"widget\" data-widget_type=\"image.default\">\n\t\t\t\t\t\t\t\t\t\t\t\t\t\t\t<img fetchpriority=\"high\" decoding=\"async\" width=\"1200\" height=\"729\" src=\"https:\/\/atelierdoriente.it\/wp-content\/uploads\/2020\/09\/atelier-doriente-palermo-negozio.jpg\" class=\"attachment-full size-full wp-image-639\" alt=\"\" srcset=\"https:\/\/atelierdoriente.it\/wp-content\/uploads\/2020\/09\/atelier-doriente-palermo-negozio.jpg 1200w, https:\/\/atelierdoriente.it\/wp-content\/uploads\/2020\/09\/atelier-doriente-palermo-negozio-680x413.jpg 680w, https:\/\/atelierdoriente.it\/wp-content\/uploads\/2020\/09\/atelier-doriente-palermo-negozio-300x182.jpg 300w, https:\/\/atelierdoriente.it\/wp-content\/uploads\/2020\/09\/atelier-doriente-palermo-negozio-1024x622.jpg 1024w, https:\/\/atelierdoriente.it\/wp-content\/uploads\/2020\/09\/atelier-doriente-palermo-negozio-768x466.jpg 768w, https:\/\/atelierdoriente.it\/wp-content\/uploads\/2020\/09\/atelier-doriente-palermo-negozio-1536x933.jpg 1536w\" sizes=\"(max-width: 1200px) 100vw, 1200px\" title=\"\">\t\t\t\t\t\t\t\t\t\t\t\t\t\t\t<\/div>\n\t\t\t\t<\/div>\n\t\t<div class=\"elementor-element elementor-element-b85f67f e-con-full e-flex e-con e-child\" data-id=\"b85f67f\" data-element_type=\"container\">\n\t\t\t\t<div class=\"elementor-element elementor-element-355a250 elementor-widget elementor-widget-heading\" data-id=\"355a250\" data-element_type=\"widget\" data-widget_type=\"heading.default\">\n\t\t\t\t\t<h2 class=\"elementor-heading-title elementor-size-default\">Il tappeto \u00e8 una sintesi di tradizione, leggenda, religione e creativit\u00e0.<\/h2>\t\t\t\t<\/div>\n\t\t\t\t<div class=\"elementor-element elementor-element-3e542ab elementor-widget elementor-widget-text-editor\" data-id=\"3e542ab\" data-element_type=\"widget\" data-widget_type=\"text-editor.default\">\n\t\t\t\t\t\t\t\t\t<p>Esso \u00e8 oggi un messaggio visivo, un intreccio tra mito e realt\u00e0 che esprime la personalit\u00e0 di un ambiente e dona colore e calore.<\/p><p>Una tradizione e una passione di famiglia che, trasmessa e tramandata diventa, oggi, una realt\u00e0 dinamica dove la cultura dei mestieri antichi si coniuga al saper proporre, a una sempre pi\u00f9 esigente clientela, manufatti di rara bellezza e pregiata fattura ma anche tappeti moderni realizzati con materiali tecnologici e dal design accattivante.<\/p><p><a href=\"https:\/\/atelierdoriente.it\/contatti-atelier-doriente-palermo\/\">Atelier D\u2019Oriente<\/a>, tra passato e futuro, una magia senza tempo.<\/p><p>Da oltre 60 anni il punto di riferimento per tappeti orientali, tappeti moderni, tappeti kilim, tappeti persiani.<\/p>\t\t\t\t\t\t\t\t<\/div>\n\t\t\t\t<div class=\"elementor-element elementor-element-443483c elementor-widget elementor-widget-text-editor\" data-id=\"443483c\" data-element_type=\"widget\" data-widget_type=\"text-editor.default\">\n\t\t\t\t\t\t\t\t\t<p>Scopri anche i nostri <a href=\"https:\/\/www.zerbiniemoquettepalermo.it\/\" target=\"_blank\" rel=\"noopener\">Zerbini e Moquette<\/a><\/p>\t\t\t\t\t\t\t\t<\/div>\n\t\t\t\t<\/div>\n\t\t\t\t\t<\/div>\n\t\t\t\t<\/div>\n\t\t<div class=\"elementor-element elementor-element-fb8e013 e-flex e-con-boxed e-con e-parent\" data-id=\"fb8e013\" data-element_type=\"container\">\n\t\t\t\t\t<div class=\"e-con-inner\">\n\t\t\t\t<div class=\"elementor-element elementor-element-4b0d279 elementor-widget elementor-widget-heading\" data-id=\"4b0d279\" data-element_type=\"widget\" data-widget_type=\"heading.default\">\n\t\t\t\t\t<h2 class=\"elementor-heading-title elementor-size-default\">La tradizione a portata di click\n<\/h2>\t\t\t\t<\/div>\n\t\t\t\t<div class=\"elementor-element elementor-element-46d779c elementor-widget elementor-widget-heading\" data-id=\"46d779c\" data-element_type=\"widget\" data-widget_type=\"heading.default\">\n\t\t\t\t\t<h2 class=\"elementor-heading-title elementor-size-default\">Scopri il catalogo del nostri prodotti\n<\/h2>\t\t\t\t<\/div>\n\t\t\t\t\t<\/div>\n\t\t\t\t<\/div>\n\t\t<div class=\"elementor-element elementor-element-eabaacd e-flex e-con-boxed e-con e-parent\" data-id=\"eabaacd\" data-element_type=\"container\">\n\t\t\t\t\t<div class=\"e-con-inner\">\n\t\t<div class=\"elementor-element elementor-element-dd7f1c7 e-con-full e-flex e-con e-child\" data-id=\"dd7f1c7\" data-element_type=\"container\">\n\t\t\t\t<\/div>\n\t\t<div class=\"elementor-element elementor-element-80a6a50 e-con-full e-flex e-con e-child\" data-id=\"80a6a50\" data-element_type=\"container\">\n\t\t\t\t<\/div>\n\t\t<div class=\"elementor-element elementor-element-615f264 e-con-full e-flex e-con e-child\" data-id=\"615f264\" data-element_type=\"container\">\n\t\t\t\t<\/div>\n\t\t<div class=\"elementor-element elementor-element-625c687 e-con-full e-flex e-con e-child\" data-id=\"625c687\" data-element_type=\"container\">\n\t\t\t\t<\/div>\n\t\t\t\t\t<\/div>\n\t\t\t\t<\/div>\n\t\t<div class=\"elementor-element elementor-element-d89007f e-flex e-con-boxed e-con e-parent\" data-id=\"d89007f\" data-element_type=\"container\">\n\t\t\t\t\t<div class=\"e-con-inner\">\n\t\t<div class=\"elementor-element elementor-element-4e0370d e-con-full e-flex e-con e-child\" data-id=\"4e0370d\" data-element_type=\"container\">\n\t\t\t\t<\/div>\n\t\t<div class=\"elementor-element elementor-element-8b5a768 e-con-full e-flex e-con e-child\" data-id=\"8b5a768\" data-element_type=\"container\">\n\t\t\t\t<\/div>\n\t\t<div class=\"elementor-element elementor-element-ea3dfb8 e-con-full e-flex e-con e-child\" data-id=\"ea3dfb8\" data-element_type=\"container\">\n\t\t\t\t<\/div>\n\t\t<div class=\"elementor-element elementor-element-a12598d e-con-full e-flex e-con e-child\" data-id=\"a12598d\" data-element_type=\"container\">\n\t\t\t\t<\/div>\n\t\t\t\t\t<\/div>\n\t\t\t\t<\/div>\n\t\t\t\t<\/div>\n\t\t","protected":false},"excerpt":{"rendered":"<p>L\u2019azienda che oggi porta il nome di Atelier D\u2019Oriente nasce negli anni 60\u2032 dall\u2019ispirazione che il suo fondatore ha tratto durante i suoi viaggi nelle terre d\u2019Oriente. La prima scelta di tappeti orientali, tappeti moderni, tappeti kilim e tappeti persiani. \u00a0 Il tappeto \u00e8 una sintesi di tradizione, leggenda, religione e creativit\u00e0. Esso \u00e8 oggi un messaggio visivo, un intreccio tra mito e realt\u00e0 che esprime la personalit\u00e0 di un ambiente e dona colore e&hellip;<\/p>\n","protected":false},"author":1,"featured_media":402,"parent":0,"menu_order":0,"comment_status":"closed","ping_status":"closed","template":"","meta":{"_monsterinsights_skip_tracking":false,"_monsterinsights_sitenote_active":false,"_monsterinsights_sitenote_note":"","_monsterinsights_sitenote_category":0,"_joinchat":[],"footnotes":""},"class_list":["post-539","page","type-page","status-publish","has-post-thumbnail","hentry"],"_links":{"self":[{"href":"https:\/\/atelierdoriente.it\/index.php?rest_route=\/wp\/v2\/pages\/539","targetHints":{"allow":["GET"]}}],"collection":[{"href":"https:\/\/atelierdoriente.it\/index.php?rest_route=\/wp\/v2\/pages"}],"about":[{"href":"https:\/\/atelierdoriente.it\/index.php?rest_route=\/wp\/v2\/types\/page"}],"author":[{"embeddable":true,"href":"https:\/\/atelierdoriente.it\/index.php?rest_route=\/wp\/v2\/users\/1"}],"replies":[{"embeddable":true,"href":"https:\/\/atelierdoriente.it\/index.php?rest_route=%2Fwp%2Fv2%2Fcomments&post=539"}],"version-history":[{"count":18,"href":"https:\/\/atelierdoriente.it\/index.php?rest_route=\/wp\/v2\/pages\/539\/revisions"}],"predecessor-version":[{"id":3104,"href":"https:\/\/atelierdoriente.it\/index.php?rest_route=\/wp\/v2\/pages\/539\/revisions\/3104"}],"wp:featuredmedia":[{"embeddable":true,"href":"https:\/\/atelierdoriente.it\/index.php?rest_route=\/wp\/v2\/media\/402"}],"wp:attachment":[{"href":"https:\/\/atelierdoriente.it\/index.php?rest_route=%2Fwp%2Fv2%2Fmedia&parent=539"}],"curies":[{"name":"wp","href":"https:\/\/api.w.org\/{rel}","templated":true}]}}